{"id":1042,"date":"2025-01-15T11:45:55","date_gmt":"2025-01-15T11:45:55","guid":{"rendered":"https:\/\/pl.gigroup.com\/?page_id=1042"},"modified":"2026-04-28T18:09:18","modified_gmt":"2026-04-28T16:09:18","slug":"for-employers","status":"publish","type":"page","link":"https:\/\/pl.gigroup.com\/en\/for-employers\/","title":{"rendered":"For Employers"},"content":{"rendered":"","protected":false},"excerpt":{"rendered":"","protected":false},"author":1,"featured_media":2658,"parent":0,"menu_order":0,"comment_status":"closed","ping_status":"closed","template":"","meta":{"footnotes":""},"class_list":["post-1042","page","type-page","status-publish","has-post-thumbnail","hentry"],"yoast_head":"<!-- This site is optimized with the Yoast SEO Premium plugin v27.5 (Yoast SEO v27.5) - https:\/\/yoast.com\/product\/yoast-seo-premium-wordpress\/ -->\n<title>Our Workforce Solutions for Companies | Gi Group<\/title>\n<meta name=\"description\" content=\"Gi Group is your strategic business partner for operational workforce solutions, dedicated to empowering you with the talent you need to flex and thrive in today\u2019s unpredictable market.\" \/>\n<meta name=\"robots\" content=\"index, follow, max-snippet:-1, max-image-preview:large, max-video-preview:-1\" \/>\n<link rel=\"canonical\" href=\"https:\/\/pl.gigroup.com\/en\/for-employers\/\" \/>\n<meta property=\"og:locale\" content=\"en_US\" \/>\n<meta property=\"og:type\" content=\"article\" \/>\n<meta property=\"og:title\" content=\"For Employers\" \/>\n<meta property=\"og:description\" content=\"Gi Group is your strategic business partner for operational workforce solutions, dedicated to empowering you with the talent you need to flex and thrive in today\u2019s unpredictable market.\" \/>\n<meta property=\"og:url\" content=\"https:\/\/pl.gigroup.com\/en\/for-employers\/\" \/>\n<meta property=\"og:site_name\" content=\"Gi Group Poland\" \/>\n<meta property=\"article:modified_time\" content=\"2026-04-28T16:09:18+00:00\" \/>\n<meta property=\"og:image\" content=\"https:\/\/pl.gigroup.com\/wp-content\/uploads\/sites\/15\/header-company-services.webp\" \/>\n\t<meta property=\"og:image:width\" content=\"900\" \/>\n\t<meta property=\"og:image:height\" content=\"600\" \/>\n\t<meta property=\"og:image:type\" content=\"image\/webp\" \/>\n<meta name=\"twitter:card\" content=\"summary_large_image\" \/>\n<script type=\"application\/ld+json\" class=\"yoast-schema-graph\">{\"@context\":\"https:\\\/\\\/schema.org\",\"@graph\":[{\"@type\":\"WebPage\",\"@id\":\"https:\\\/\\\/pl.gigroup.com\\\/en\\\/for-employers\\\/\",\"url\":\"https:\\\/\\\/pl.gigroup.com\\\/en\\\/for-employers\\\/\",\"name\":\"Our Workforce Solutions for Companies | Gi Group\",\"isPartOf\":{\"@id\":\"https:\\\/\\\/pl.gigroup.com\\\/#website\"},\"primaryImageOfPage\":{\"@id\":\"https:\\\/\\\/pl.gigroup.com\\\/en\\\/for-employers\\\/#primaryimage\"},\"image\":{\"@id\":\"https:\\\/\\\/pl.gigroup.com\\\/en\\\/for-employers\\\/#primaryimage\"},\"thumbnailUrl\":\"https:\\\/\\\/pl.gigroup.com\\\/wp-content\\\/uploads\\\/sites\\\/15\\\/header-company-services.webp\",\"datePublished\":\"2025-01-15T11:45:55+00:00\",\"dateModified\":\"2026-04-28T16:09:18+00:00\",\"description\":\"Gi Group is your strategic business partner for operational workforce solutions, dedicated to empowering you with the talent you need to flex and thrive in today\u2019s unpredictable market.\",\"breadcrumb\":{\"@id\":\"https:\\\/\\\/pl.gigroup.com\\\/en\\\/for-employers\\\/#breadcrumb\"},\"inLanguage\":\"en-US\",\"potentialAction\":[{\"@type\":\"ReadAction\",\"target\":[\"https:\\\/\\\/pl.gigroup.com\\\/en\\\/for-employers\\\/\"]}]},{\"@type\":\"ImageObject\",\"inLanguage\":\"en-US\",\"@id\":\"https:\\\/\\\/pl.gigroup.com\\\/en\\\/for-employers\\\/#primaryimage\",\"url\":\"https:\\\/\\\/pl.gigroup.com\\\/wp-content\\\/uploads\\\/sites\\\/15\\\/header-company-services.webp\",\"contentUrl\":\"https:\\\/\\\/pl.gigroup.com\\\/wp-content\\\/uploads\\\/sites\\\/15\\\/header-company-services.webp\",\"width\":900,\"height\":600,\"caption\":\"partner for temporary and permanent workforce\"},{\"@type\":\"BreadcrumbList\",\"@id\":\"https:\\\/\\\/pl.gigroup.com\\\/en\\\/for-employers\\\/#breadcrumb\",\"itemListElement\":[{\"@type\":\"ListItem\",\"position\":1,\"name\":\"Home\",\"item\":\"https:\\\/\\\/pl.gigroup.com\\\/en\\\/\"},{\"@type\":\"ListItem\",\"position\":2,\"name\":\"For Employers\"}]},{\"@type\":\"WebSite\",\"@id\":\"https:\\\/\\\/pl.gigroup.com\\\/#website\",\"url\":\"https:\\\/\\\/pl.gigroup.com\\\/\",\"name\":\"Gi Group Poland\",\"description\":\"Gi Group oferuje us\u0142ugi pracy tymczasowej, rekrutacji sta\u0142ych oraz outsourcingu dla r\u00f3\u017cnych sektor\u00f3w. Odwied\u017a nasz\u0105 stron\u0119 internetow\u0105 i dowiedz si\u0119 wi\u0119cej!\",\"potentialAction\":[{\"@type\":\"SearchAction\",\"target\":{\"@type\":\"EntryPoint\",\"urlTemplate\":\"https:\\\/\\\/pl.gigroup.com\\\/?s={search_term_string}\"},\"query-input\":{\"@type\":\"PropertyValueSpecification\",\"valueRequired\":true,\"valueName\":\"search_term_string\"}}],\"inLanguage\":\"en-US\"}]}<\/script>\n<!-- \/ Yoast SEO Premium plugin. -->","yoast_head_json":{"title":"Our Workforce Solutions for Companies | Gi Group","description":"Gi Group is your strategic business partner for operational workforce solutions, dedicated to empowering you with the talent you need to flex and thrive in today\u2019s unpredictable market.","robots":{"index":"index","follow":"follow","max-snippet":"max-snippet:-1","max-image-preview":"max-image-preview:large","max-video-preview":"max-video-preview:-1"},"canonical":"https:\/\/pl.gigroup.com\/en\/for-employers\/","og_locale":"en_US","og_type":"article","og_title":"For Employers","og_description":"Gi Group is your strategic business partner for operational workforce solutions, dedicated to empowering you with the talent you need to flex and thrive in today\u2019s unpredictable market.","og_url":"https:\/\/pl.gigroup.com\/en\/for-employers\/","og_site_name":"Gi Group Poland","article_modified_time":"2026-04-28T16:09:18+00:00","og_image":[{"width":900,"height":600,"url":"https:\/\/pl.gigroup.com\/wp-content\/uploads\/sites\/15\/header-company-services.webp","type":"image\/webp"}],"twitter_card":"summary_large_image","schema":{"@context":"https:\/\/schema.org","@graph":[{"@type":"WebPage","@id":"https:\/\/pl.gigroup.com\/en\/for-employers\/","url":"https:\/\/pl.gigroup.com\/en\/for-employers\/","name":"Our Workforce Solutions for Companies | Gi Group","isPartOf":{"@id":"https:\/\/pl.gigroup.com\/#website"},"primaryImageOfPage":{"@id":"https:\/\/pl.gigroup.com\/en\/for-employers\/#primaryimage"},"image":{"@id":"https:\/\/pl.gigroup.com\/en\/for-employers\/#primaryimage"},"thumbnailUrl":"https:\/\/pl.gigroup.com\/wp-content\/uploads\/sites\/15\/header-company-services.webp","datePublished":"2025-01-15T11:45:55+00:00","dateModified":"2026-04-28T16:09:18+00:00","description":"Gi Group is your strategic business partner for operational workforce solutions, dedicated to empowering you with the talent you need to flex and thrive in today\u2019s unpredictable market.","breadcrumb":{"@id":"https:\/\/pl.gigroup.com\/en\/for-employers\/#breadcrumb"},"inLanguage":"en-US","potentialAction":[{"@type":"ReadAction","target":["https:\/\/pl.gigroup.com\/en\/for-employers\/"]}]},{"@type":"ImageObject","inLanguage":"en-US","@id":"https:\/\/pl.gigroup.com\/en\/for-employers\/#primaryimage","url":"https:\/\/pl.gigroup.com\/wp-content\/uploads\/sites\/15\/header-company-services.webp","contentUrl":"https:\/\/pl.gigroup.com\/wp-content\/uploads\/sites\/15\/header-company-services.webp","width":900,"height":600,"caption":"partner for temporary and permanent workforce"},{"@type":"BreadcrumbList","@id":"https:\/\/pl.gigroup.com\/en\/for-employers\/#breadcrumb","itemListElement":[{"@type":"ListItem","position":1,"name":"Home","item":"https:\/\/pl.gigroup.com\/en\/"},{"@type":"ListItem","position":2,"name":"For Employers"}]},{"@type":"WebSite","@id":"https:\/\/pl.gigroup.com\/#website","url":"https:\/\/pl.gigroup.com\/","name":"Gi Group Poland","description":"Gi Group oferuje us\u0142ugi pracy tymczasowej, rekrutacji sta\u0142ych oraz outsourcingu dla r\u00f3\u017cnych sektor\u00f3w. Odwied\u017a nasz\u0105 stron\u0119 internetow\u0105 i dowiedz si\u0119 wi\u0119cej!","potentialAction":[{"@type":"SearchAction","target":{"@type":"EntryPoint","urlTemplate":"https:\/\/pl.gigroup.com\/?s={search_term_string}"},"query-input":{"@type":"PropertyValueSpecification","valueRequired":true,"valueName":"search_term_string"}}],"inLanguage":"en-US"}]}},"_links":{"self":[{"href":"https:\/\/pl.gigroup.com\/en\/wp-json\/wp\/v2\/pages\/1042","targetHints":{"allow":["GET"]}}],"collection":[{"href":"https:\/\/pl.gigroup.com\/en\/wp-json\/wp\/v2\/pages"}],"about":[{"href":"https:\/\/pl.gigroup.com\/en\/wp-json\/wp\/v2\/types\/page"}],"author":[{"embeddable":true,"href":"https:\/\/pl.gigroup.com\/en\/wp-json\/wp\/v2\/users\/1"}],"replies":[{"embeddable":true,"href":"https:\/\/pl.gigroup.com\/en\/wp-json\/wp\/v2\/comments?post=1042"}],"version-history":[{"count":13,"href":"https:\/\/pl.gigroup.com\/en\/wp-json\/wp\/v2\/pages\/1042\/revisions"}],"predecessor-version":[{"id":171839,"href":"https:\/\/pl.gigroup.com\/en\/wp-json\/wp\/v2\/pages\/1042\/revisions\/171839"}],"wp:featuredmedia":[{"embeddable":true,"href":"https:\/\/pl.gigroup.com\/en\/wp-json\/wp\/v2\/media\/2658"}],"wp:attachment":[{"href":"https:\/\/pl.gigroup.com\/en\/wp-json\/wp\/v2\/media?parent=1042"}],"curies":[{"name":"wp","href":"https:\/\/api.w.org\/{rel}","templated":true}]}}