{"id":168126,"date":"2025-07-11T11:08:45","date_gmt":"2025-07-11T10:08:45","guid":{"rendered":"https:\/\/pl.gigroup.com\/?page_id=168126"},"modified":"2026-03-27T15:18:14","modified_gmt":"2026-03-27T14:18:14","slug":"economic-migrations-of-poles-in-2023","status":"publish","type":"page","link":"https:\/\/pl.gigroup.com\/en\/for-employers\/market-reports\/economic-migrations-of-poles-in-2023\/","title":{"rendered":"Economic migrations of Poles in 2023"},"content":{"rendered":"","protected":false},"excerpt":{"rendered":"","protected":false},"author":1,"featured_media":171545,"parent":168097,"menu_order":0,"comment_status":"closed","ping_status":"closed","template":"","meta":{"footnotes":""},"class_list":["post-168126","page","type-page","status-publish","has-post-thumbnail","hentry"],"yoast_head":"<!-- This site is optimized with the Yoast SEO Premium plugin v27.5 (Yoast SEO v27.5) - https:\/\/yoast.com\/product\/yoast-seo-premium-wordpress\/ -->\n<title>Economic migrations of Poles in 2023 - Gi Group Poland<\/title>\n<meta name=\"description\" content=\"The key role played by the logistics sector for the functioning of economies and societies remains indisputable.\" \/>\n<meta name=\"robots\" content=\"index, follow, max-snippet:-1, max-image-preview:large, max-video-preview:-1\" \/>\n<link rel=\"canonical\" href=\"https:\/\/pl.gigroup.com\/en\/for-employers\/market-reports\/economic-migrations-of-poles-in-2023\/\" \/>\n<meta property=\"og:locale\" content=\"en_US\" \/>\n<meta property=\"og:type\" content=\"article\" \/>\n<meta property=\"og:title\" content=\"Economic migrations of Poles in 2023\" \/>\n<meta property=\"og:description\" content=\"The key role played by the logistics sector for the functioning of economies and societies remains indisputable.\" \/>\n<meta property=\"og:url\" content=\"https:\/\/pl.gigroup.com\/en\/for-employers\/market-reports\/economic-migrations-of-poles-in-2023\/\" \/>\n<meta property=\"og:site_name\" content=\"Gi Group Poland\" \/>\n<meta property=\"article:modified_time\" content=\"2026-03-27T14:18:14+00:00\" \/>\n<meta property=\"og:image\" content=\"https:\/\/pl.gigroup.com\/wp-content\/uploads\/sites\/15\/20.jpg\" \/>\n\t<meta property=\"og:image:width\" content=\"1280\" \/>\n\t<meta property=\"og:image:height\" content=\"720\" \/>\n\t<meta property=\"og:image:type\" content=\"image\/jpeg\" \/>\n<meta name=\"twitter:card\" content=\"summary_large_image\" \/>\n<script type=\"application\/ld+json\" class=\"yoast-schema-graph\">{\"@context\":\"https:\\\/\\\/schema.org\",\"@graph\":[{\"@type\":\"WebPage\",\"@id\":\"https:\\\/\\\/pl.gigroup.com\\\/en\\\/for-employers\\\/market-reports\\\/economic-migrations-of-poles-in-2023\\\/\",\"url\":\"https:\\\/\\\/pl.gigroup.com\\\/en\\\/for-employers\\\/market-reports\\\/economic-migrations-of-poles-in-2023\\\/\",\"name\":\"Economic migrations of Poles in 2023 - Gi Group Poland\",\"isPartOf\":{\"@id\":\"https:\\\/\\\/pl.gigroup.com\\\/#website\"},\"primaryImageOfPage\":{\"@id\":\"https:\\\/\\\/pl.gigroup.com\\\/en\\\/for-employers\\\/market-reports\\\/economic-migrations-of-poles-in-2023\\\/#primaryimage\"},\"image\":{\"@id\":\"https:\\\/\\\/pl.gigroup.com\\\/en\\\/for-employers\\\/market-reports\\\/economic-migrations-of-poles-in-2023\\\/#primaryimage\"},\"thumbnailUrl\":\"https:\\\/\\\/pl.gigroup.com\\\/wp-content\\\/uploads\\\/sites\\\/15\\\/20.jpg\",\"datePublished\":\"2025-07-11T10:08:45+00:00\",\"dateModified\":\"2026-03-27T14:18:14+00:00\",\"description\":\"The key role played by the logistics sector for the functioning of economies and societies remains indisputable.\",\"breadcrumb\":{\"@id\":\"https:\\\/\\\/pl.gigroup.com\\\/en\\\/for-employers\\\/market-reports\\\/economic-migrations-of-poles-in-2023\\\/#breadcrumb\"},\"inLanguage\":\"en-US\",\"potentialAction\":[{\"@type\":\"ReadAction\",\"target\":[\"https:\\\/\\\/pl.gigroup.com\\\/en\\\/for-employers\\\/market-reports\\\/economic-migrations-of-poles-in-2023\\\/\"]}]},{\"@type\":\"ImageObject\",\"inLanguage\":\"en-US\",\"@id\":\"https:\\\/\\\/pl.gigroup.com\\\/en\\\/for-employers\\\/market-reports\\\/economic-migrations-of-poles-in-2023\\\/#primaryimage\",\"url\":\"https:\\\/\\\/pl.gigroup.com\\\/wp-content\\\/uploads\\\/sites\\\/15\\\/20.jpg\",\"contentUrl\":\"https:\\\/\\\/pl.gigroup.com\\\/wp-content\\\/uploads\\\/sites\\\/15\\\/20.jpg\",\"width\":1280,\"height\":720,\"caption\":\"Economic migrations of Poles report\"},{\"@type\":\"BreadcrumbList\",\"@id\":\"https:\\\/\\\/pl.gigroup.com\\\/en\\\/for-employers\\\/market-reports\\\/economic-migrations-of-poles-in-2023\\\/#breadcrumb\",\"itemListElement\":[{\"@type\":\"ListItem\",\"position\":1,\"name\":\"Home\",\"item\":\"https:\\\/\\\/pl.gigroup.com\\\/en\\\/\"},{\"@type\":\"ListItem\",\"position\":2,\"name\":\"For Employers\",\"item\":\"https:\\\/\\\/pl.gigroup.com\\\/en\\\/for-employers\\\/\"},{\"@type\":\"ListItem\",\"position\":3,\"name\":\"Market reports\",\"item\":\"https:\\\/\\\/pl.gigroup.com\\\/en\\\/for-employers\\\/market-reports\\\/\"},{\"@type\":\"ListItem\",\"position\":4,\"name\":\"Economic migrations of Poles in 2023\"}]},{\"@type\":\"WebSite\",\"@id\":\"https:\\\/\\\/pl.gigroup.com\\\/#website\",\"url\":\"https:\\\/\\\/pl.gigroup.com\\\/\",\"name\":\"Gi Group Poland\",\"description\":\"Gi Group oferuje us\u0142ugi pracy tymczasowej, rekrutacji sta\u0142ych oraz outsourcingu dla r\u00f3\u017cnych sektor\u00f3w. Odwied\u017a nasz\u0105 stron\u0119 internetow\u0105 i dowiedz si\u0119 wi\u0119cej!\",\"potentialAction\":[{\"@type\":\"SearchAction\",\"target\":{\"@type\":\"EntryPoint\",\"urlTemplate\":\"https:\\\/\\\/pl.gigroup.com\\\/?s={search_term_string}\"},\"query-input\":{\"@type\":\"PropertyValueSpecification\",\"valueRequired\":true,\"valueName\":\"search_term_string\"}}],\"inLanguage\":\"en-US\"}]}<\/script>\n<!-- \/ Yoast SEO Premium plugin. -->","yoast_head_json":{"title":"Economic migrations of Poles in 2023 - Gi Group Poland","description":"The key role played by the logistics sector for the functioning of economies and societies remains indisputable.","robots":{"index":"index","follow":"follow","max-snippet":"max-snippet:-1","max-image-preview":"max-image-preview:large","max-video-preview":"max-video-preview:-1"},"canonical":"https:\/\/pl.gigroup.com\/en\/for-employers\/market-reports\/economic-migrations-of-poles-in-2023\/","og_locale":"en_US","og_type":"article","og_title":"Economic migrations of Poles in 2023","og_description":"The key role played by the logistics sector for the functioning of economies and societies remains indisputable.","og_url":"https:\/\/pl.gigroup.com\/en\/for-employers\/market-reports\/economic-migrations-of-poles-in-2023\/","og_site_name":"Gi Group Poland","article_modified_time":"2026-03-27T14:18:14+00:00","og_image":[{"width":1280,"height":720,"url":"https:\/\/pl.gigroup.com\/wp-content\/uploads\/sites\/15\/20.jpg","type":"image\/jpeg"}],"twitter_card":"summary_large_image","schema":{"@context":"https:\/\/schema.org","@graph":[{"@type":"WebPage","@id":"https:\/\/pl.gigroup.com\/en\/for-employers\/market-reports\/economic-migrations-of-poles-in-2023\/","url":"https:\/\/pl.gigroup.com\/en\/for-employers\/market-reports\/economic-migrations-of-poles-in-2023\/","name":"Economic migrations of Poles in 2023 - Gi Group Poland","isPartOf":{"@id":"https:\/\/pl.gigroup.com\/#website"},"primaryImageOfPage":{"@id":"https:\/\/pl.gigroup.com\/en\/for-employers\/market-reports\/economic-migrations-of-poles-in-2023\/#primaryimage"},"image":{"@id":"https:\/\/pl.gigroup.com\/en\/for-employers\/market-reports\/economic-migrations-of-poles-in-2023\/#primaryimage"},"thumbnailUrl":"https:\/\/pl.gigroup.com\/wp-content\/uploads\/sites\/15\/20.jpg","datePublished":"2025-07-11T10:08:45+00:00","dateModified":"2026-03-27T14:18:14+00:00","description":"The key role played by the logistics sector for the functioning of economies and societies remains indisputable.","breadcrumb":{"@id":"https:\/\/pl.gigroup.com\/en\/for-employers\/market-reports\/economic-migrations-of-poles-in-2023\/#breadcrumb"},"inLanguage":"en-US","potentialAction":[{"@type":"ReadAction","target":["https:\/\/pl.gigroup.com\/en\/for-employers\/market-reports\/economic-migrations-of-poles-in-2023\/"]}]},{"@type":"ImageObject","inLanguage":"en-US","@id":"https:\/\/pl.gigroup.com\/en\/for-employers\/market-reports\/economic-migrations-of-poles-in-2023\/#primaryimage","url":"https:\/\/pl.gigroup.com\/wp-content\/uploads\/sites\/15\/20.jpg","contentUrl":"https:\/\/pl.gigroup.com\/wp-content\/uploads\/sites\/15\/20.jpg","width":1280,"height":720,"caption":"Economic migrations of Poles report"},{"@type":"BreadcrumbList","@id":"https:\/\/pl.gigroup.com\/en\/for-employers\/market-reports\/economic-migrations-of-poles-in-2023\/#breadcrumb","itemListElement":[{"@type":"ListItem","position":1,"name":"Home","item":"https:\/\/pl.gigroup.com\/en\/"},{"@type":"ListItem","position":2,"name":"For Employers","item":"https:\/\/pl.gigroup.com\/en\/for-employers\/"},{"@type":"ListItem","position":3,"name":"Market reports","item":"https:\/\/pl.gigroup.com\/en\/for-employers\/market-reports\/"},{"@type":"ListItem","position":4,"name":"Economic migrations of Poles in 2023"}]},{"@type":"WebSite","@id":"https:\/\/pl.gigroup.com\/#website","url":"https:\/\/pl.gigroup.com\/","name":"Gi Group Poland","description":"Gi Group oferuje us\u0142ugi pracy tymczasowej, rekrutacji sta\u0142ych oraz outsourcingu dla r\u00f3\u017cnych sektor\u00f3w. Odwied\u017a nasz\u0105 stron\u0119 internetow\u0105 i dowiedz si\u0119 wi\u0119cej!","potentialAction":[{"@type":"SearchAction","target":{"@type":"EntryPoint","urlTemplate":"https:\/\/pl.gigroup.com\/?s={search_term_string}"},"query-input":{"@type":"PropertyValueSpecification","valueRequired":true,"valueName":"search_term_string"}}],"inLanguage":"en-US"}]}},"_links":{"self":[{"href":"https:\/\/pl.gigroup.com\/en\/wp-json\/wp\/v2\/pages\/168126","targetHints":{"allow":["GET"]}}],"collection":[{"href":"https:\/\/pl.gigroup.com\/en\/wp-json\/wp\/v2\/pages"}],"about":[{"href":"https:\/\/pl.gigroup.com\/en\/wp-json\/wp\/v2\/types\/page"}],"author":[{"embeddable":true,"href":"https:\/\/pl.gigroup.com\/en\/wp-json\/wp\/v2\/users\/1"}],"replies":[{"embeddable":true,"href":"https:\/\/pl.gigroup.com\/en\/wp-json\/wp\/v2\/comments?post=168126"}],"version-history":[{"count":23,"href":"https:\/\/pl.gigroup.com\/en\/wp-json\/wp\/v2\/pages\/168126\/revisions"}],"predecessor-version":[{"id":171560,"href":"https:\/\/pl.gigroup.com\/en\/wp-json\/wp\/v2\/pages\/168126\/revisions\/171560"}],"up":[{"embeddable":true,"href":"https:\/\/pl.gigroup.com\/en\/wp-json\/wp\/v2\/pages\/168097"}],"wp:featuredmedia":[{"embeddable":true,"href":"https:\/\/pl.gigroup.com\/en\/wp-json\/wp\/v2\/media\/171545"}],"wp:attachment":[{"href":"https:\/\/pl.gigroup.com\/en\/wp-json\/wp\/v2\/media?parent=168126"}],"curies":[{"name":"wp","href":"https:\/\/api.w.org\/{rel}","templated":true}]}}