{"id":168941,"date":"2025-07-22T15:53:24","date_gmt":"2025-07-22T13:53:24","guid":{"rendered":"https:\/\/pl.gigroup.com\/?page_id=168941"},"modified":"2026-03-30T11:17:12","modified_gmt":"2026-03-30T09:17:12","slug":"hr-and-payroll","status":"publish","type":"page","link":"https:\/\/pl.gigroup.com\/en\/business-process-outsourcing\/gi-bpo-divisions\/hr-and-payroll\/","title":{"rendered":"Gi BPO &#8211; HR &amp; Payroll"},"content":{"rendered":"","protected":false},"excerpt":{"rendered":"","protected":false},"author":1,"featured_media":169150,"parent":170859,"menu_order":0,"comment_status":"closed","ping_status":"closed","template":"","meta":{"footnotes":""},"class_list":["post-168941","page","type-page","status-publish","has-post-thumbnail","hentry"],"yoast_head":"<!-- This site is optimized with the Yoast SEO Premium plugin v27.4 (Yoast SEO v27.4) - https:\/\/yoast.com\/product\/yoast-seo-premium-wordpress\/ -->\n<title>Gi BPO - HR &amp; Payroll<\/title>\n<meta name=\"description\" content=\"Discover our specialised division to enhance manufacturing and logistics efficiency through innovative, results-driven solutions.\" \/>\n<meta name=\"robots\" content=\"index, follow, max-snippet:-1, max-image-preview:large, max-video-preview:-1\" \/>\n<link rel=\"canonical\" href=\"https:\/\/pl.gigroup.com\/en\/business-process-outsourcing\/gi-bpo-divisions\/hr-and-payroll\/\" \/>\n<meta property=\"og:locale\" content=\"en_US\" \/>\n<meta property=\"og:type\" content=\"article\" \/>\n<meta property=\"og:title\" content=\"Gi BPO - HR &amp; Payroll\" \/>\n<meta property=\"og:description\" content=\"Discover our specialised division to enhance manufacturing and logistics efficiency through innovative, results-driven solutions.\" \/>\n<meta property=\"og:url\" content=\"https:\/\/pl.gigroup.com\/en\/business-process-outsourcing\/gi-bpo-divisions\/hr-and-payroll\/\" \/>\n<meta property=\"og:site_name\" content=\"Gi Group Poland\" \/>\n<meta property=\"article:modified_time\" content=\"2026-03-30T09:17:12+00:00\" \/>\n<meta property=\"og:image\" content=\"https:\/\/pl.gigroup.com\/wp-content\/uploads\/sites\/15\/medical-administration-employee.webp\" \/>\n\t<meta property=\"og:image:width\" content=\"900\" \/>\n\t<meta property=\"og:image:height\" content=\"600\" \/>\n\t<meta property=\"og:image:type\" content=\"image\/webp\" \/>\n<meta name=\"twitter:card\" content=\"summary_large_image\" \/>\n<script type=\"application\/ld+json\" class=\"yoast-schema-graph\">{\"@context\":\"https:\\\/\\\/schema.org\",\"@graph\":[{\"@type\":\"WebPage\",\"@id\":\"https:\\\/\\\/pl.gigroup.com\\\/en\\\/business-process-outsourcing\\\/gi-bpo-divisions\\\/hr-and-payroll\\\/\",\"url\":\"https:\\\/\\\/pl.gigroup.com\\\/en\\\/business-process-outsourcing\\\/gi-bpo-divisions\\\/hr-and-payroll\\\/\",\"name\":\"Gi BPO - HR & Payroll\",\"isPartOf\":{\"@id\":\"https:\\\/\\\/pl.gigroup.com\\\/#website\"},\"primaryImageOfPage\":{\"@id\":\"https:\\\/\\\/pl.gigroup.com\\\/en\\\/business-process-outsourcing\\\/gi-bpo-divisions\\\/hr-and-payroll\\\/#primaryimage\"},\"image\":{\"@id\":\"https:\\\/\\\/pl.gigroup.com\\\/en\\\/business-process-outsourcing\\\/gi-bpo-divisions\\\/hr-and-payroll\\\/#primaryimage\"},\"thumbnailUrl\":\"https:\\\/\\\/pl.gigroup.com\\\/wp-content\\\/uploads\\\/sites\\\/15\\\/medical-administration-employee.webp\",\"datePublished\":\"2025-07-22T13:53:24+00:00\",\"dateModified\":\"2026-03-30T09:17:12+00:00\",\"description\":\"Discover our specialised division to enhance manufacturing and logistics efficiency through innovative, results-driven solutions.\",\"breadcrumb\":{\"@id\":\"https:\\\/\\\/pl.gigroup.com\\\/en\\\/business-process-outsourcing\\\/gi-bpo-divisions\\\/hr-and-payroll\\\/#breadcrumb\"},\"inLanguage\":\"en-US\",\"potentialAction\":[{\"@type\":\"ReadAction\",\"target\":[\"https:\\\/\\\/pl.gigroup.com\\\/en\\\/business-process-outsourcing\\\/gi-bpo-divisions\\\/hr-and-payroll\\\/\"]}]},{\"@type\":\"ImageObject\",\"inLanguage\":\"en-US\",\"@id\":\"https:\\\/\\\/pl.gigroup.com\\\/en\\\/business-process-outsourcing\\\/gi-bpo-divisions\\\/hr-and-payroll\\\/#primaryimage\",\"url\":\"https:\\\/\\\/pl.gigroup.com\\\/wp-content\\\/uploads\\\/sites\\\/15\\\/medical-administration-employee.webp\",\"contentUrl\":\"https:\\\/\\\/pl.gigroup.com\\\/wp-content\\\/uploads\\\/sites\\\/15\\\/medical-administration-employee.webp\",\"width\":900,\"height\":600,\"caption\":\"administration employee\"},{\"@type\":\"BreadcrumbList\",\"@id\":\"https:\\\/\\\/pl.gigroup.com\\\/en\\\/business-process-outsourcing\\\/gi-bpo-divisions\\\/hr-and-payroll\\\/#breadcrumb\",\"itemListElement\":[{\"@type\":\"ListItem\",\"position\":1,\"name\":\"Home\",\"item\":\"https:\\\/\\\/pl.gigroup.com\\\/en\\\/\"},{\"@type\":\"ListItem\",\"position\":2,\"name\":\"Gi BPO\",\"item\":\"https:\\\/\\\/pl.gigroup.com\\\/en\\\/business-process-outsourcing\\\/\"},{\"@type\":\"ListItem\",\"position\":3,\"name\":\"Gi BPO &#8211; Divisions\",\"item\":\"https:\\\/\\\/pl.gigroup.com\\\/en\\\/business-process-outsourcing\\\/gi-bpo-divisions\\\/\"},{\"@type\":\"ListItem\",\"position\":4,\"name\":\"Gi BPO &#8211; HR &amp; Payroll\"}]},{\"@type\":\"WebSite\",\"@id\":\"https:\\\/\\\/pl.gigroup.com\\\/#website\",\"url\":\"https:\\\/\\\/pl.gigroup.com\\\/\",\"name\":\"Gi Group Poland\",\"description\":\"Gi Group oferuje us\u0142ugi pracy tymczasowej, rekrutacji sta\u0142ych oraz outsourcingu dla r\u00f3\u017cnych sektor\u00f3w. Odwied\u017a nasz\u0105 stron\u0119 internetow\u0105 i dowiedz si\u0119 wi\u0119cej!\",\"potentialAction\":[{\"@type\":\"SearchAction\",\"target\":{\"@type\":\"EntryPoint\",\"urlTemplate\":\"https:\\\/\\\/pl.gigroup.com\\\/?s={search_term_string}\"},\"query-input\":{\"@type\":\"PropertyValueSpecification\",\"valueRequired\":true,\"valueName\":\"search_term_string\"}}],\"inLanguage\":\"en-US\"}]}<\/script>\n<!-- \/ Yoast SEO Premium plugin. -->","yoast_head_json":{"title":"Gi BPO - HR & Payroll","description":"Discover our specialised division to enhance manufacturing and logistics efficiency through innovative, results-driven solutions.","robots":{"index":"index","follow":"follow","max-snippet":"max-snippet:-1","max-image-preview":"max-image-preview:large","max-video-preview":"max-video-preview:-1"},"canonical":"https:\/\/pl.gigroup.com\/en\/business-process-outsourcing\/gi-bpo-divisions\/hr-and-payroll\/","og_locale":"en_US","og_type":"article","og_title":"Gi BPO - HR &amp; Payroll","og_description":"Discover our specialised division to enhance manufacturing and logistics efficiency through innovative, results-driven solutions.","og_url":"https:\/\/pl.gigroup.com\/en\/business-process-outsourcing\/gi-bpo-divisions\/hr-and-payroll\/","og_site_name":"Gi Group Poland","article_modified_time":"2026-03-30T09:17:12+00:00","og_image":[{"width":900,"height":600,"url":"https:\/\/pl.gigroup.com\/wp-content\/uploads\/sites\/15\/medical-administration-employee.webp","type":"image\/webp"}],"twitter_card":"summary_large_image","schema":{"@context":"https:\/\/schema.org","@graph":[{"@type":"WebPage","@id":"https:\/\/pl.gigroup.com\/en\/business-process-outsourcing\/gi-bpo-divisions\/hr-and-payroll\/","url":"https:\/\/pl.gigroup.com\/en\/business-process-outsourcing\/gi-bpo-divisions\/hr-and-payroll\/","name":"Gi BPO - HR & Payroll","isPartOf":{"@id":"https:\/\/pl.gigroup.com\/#website"},"primaryImageOfPage":{"@id":"https:\/\/pl.gigroup.com\/en\/business-process-outsourcing\/gi-bpo-divisions\/hr-and-payroll\/#primaryimage"},"image":{"@id":"https:\/\/pl.gigroup.com\/en\/business-process-outsourcing\/gi-bpo-divisions\/hr-and-payroll\/#primaryimage"},"thumbnailUrl":"https:\/\/pl.gigroup.com\/wp-content\/uploads\/sites\/15\/medical-administration-employee.webp","datePublished":"2025-07-22T13:53:24+00:00","dateModified":"2026-03-30T09:17:12+00:00","description":"Discover our specialised division to enhance manufacturing and logistics efficiency through innovative, results-driven solutions.","breadcrumb":{"@id":"https:\/\/pl.gigroup.com\/en\/business-process-outsourcing\/gi-bpo-divisions\/hr-and-payroll\/#breadcrumb"},"inLanguage":"en-US","potentialAction":[{"@type":"ReadAction","target":["https:\/\/pl.gigroup.com\/en\/business-process-outsourcing\/gi-bpo-divisions\/hr-and-payroll\/"]}]},{"@type":"ImageObject","inLanguage":"en-US","@id":"https:\/\/pl.gigroup.com\/en\/business-process-outsourcing\/gi-bpo-divisions\/hr-and-payroll\/#primaryimage","url":"https:\/\/pl.gigroup.com\/wp-content\/uploads\/sites\/15\/medical-administration-employee.webp","contentUrl":"https:\/\/pl.gigroup.com\/wp-content\/uploads\/sites\/15\/medical-administration-employee.webp","width":900,"height":600,"caption":"administration employee"},{"@type":"BreadcrumbList","@id":"https:\/\/pl.gigroup.com\/en\/business-process-outsourcing\/gi-bpo-divisions\/hr-and-payroll\/#breadcrumb","itemListElement":[{"@type":"ListItem","position":1,"name":"Home","item":"https:\/\/pl.gigroup.com\/en\/"},{"@type":"ListItem","position":2,"name":"Gi BPO","item":"https:\/\/pl.gigroup.com\/en\/business-process-outsourcing\/"},{"@type":"ListItem","position":3,"name":"Gi BPO &#8211; Divisions","item":"https:\/\/pl.gigroup.com\/en\/business-process-outsourcing\/gi-bpo-divisions\/"},{"@type":"ListItem","position":4,"name":"Gi BPO &#8211; HR &amp; Payroll"}]},{"@type":"WebSite","@id":"https:\/\/pl.gigroup.com\/#website","url":"https:\/\/pl.gigroup.com\/","name":"Gi Group Poland","description":"Gi Group oferuje us\u0142ugi pracy tymczasowej, rekrutacji sta\u0142ych oraz outsourcingu dla r\u00f3\u017cnych sektor\u00f3w. Odwied\u017a nasz\u0105 stron\u0119 internetow\u0105 i dowiedz si\u0119 wi\u0119cej!","potentialAction":[{"@type":"SearchAction","target":{"@type":"EntryPoint","urlTemplate":"https:\/\/pl.gigroup.com\/?s={search_term_string}"},"query-input":{"@type":"PropertyValueSpecification","valueRequired":true,"valueName":"search_term_string"}}],"inLanguage":"en-US"}]}},"_links":{"self":[{"href":"https:\/\/pl.gigroup.com\/en\/wp-json\/wp\/v2\/pages\/168941","targetHints":{"allow":["GET"]}}],"collection":[{"href":"https:\/\/pl.gigroup.com\/en\/wp-json\/wp\/v2\/pages"}],"about":[{"href":"https:\/\/pl.gigroup.com\/en\/wp-json\/wp\/v2\/types\/page"}],"author":[{"embeddable":true,"href":"https:\/\/pl.gigroup.com\/en\/wp-json\/wp\/v2\/users\/1"}],"replies":[{"embeddable":true,"href":"https:\/\/pl.gigroup.com\/en\/wp-json\/wp\/v2\/comments?post=168941"}],"version-history":[{"count":50,"href":"https:\/\/pl.gigroup.com\/en\/wp-json\/wp\/v2\/pages\/168941\/revisions"}],"predecessor-version":[{"id":171646,"href":"https:\/\/pl.gigroup.com\/en\/wp-json\/wp\/v2\/pages\/168941\/revisions\/171646"}],"up":[{"embeddable":true,"href":"https:\/\/pl.gigroup.com\/en\/wp-json\/wp\/v2\/pages\/170859"}],"wp:featuredmedia":[{"embeddable":true,"href":"https:\/\/pl.gigroup.com\/en\/wp-json\/wp\/v2\/media\/169150"}],"wp:attachment":[{"href":"https:\/\/pl.gigroup.com\/en\/wp-json\/wp\/v2\/media?parent=168941"}],"curies":[{"name":"wp","href":"https:\/\/api.w.org\/{rel}","templated":true}]}}