{"id":170859,"date":"2026-03-17T15:37:57","date_gmt":"2026-03-17T14:37:57","guid":{"rendered":"https:\/\/pl.gigroup.com\/?page_id=170859"},"modified":"2026-03-30T17:26:53","modified_gmt":"2026-03-30T15:26:53","slug":"gi-bpo-divisions","status":"publish","type":"page","link":"https:\/\/pl.gigroup.com\/en\/business-process-outsourcing\/gi-bpo-divisions\/","title":{"rendered":"Gi BPO &#8211; Divisions"},"content":{"rendered":"","protected":false},"excerpt":{"rendered":"","protected":false},"author":1,"featured_media":170785,"parent":170846,"menu_order":0,"comment_status":"closed","ping_status":"closed","template":"","meta":{"footnotes":""},"class_list":["post-170859","page","type-page","status-publish","has-post-thumbnail","hentry"],"yoast_head":"<!-- This site is optimized with the Yoast SEO Premium plugin v27.4 (Yoast SEO v27.4) - https:\/\/yoast.com\/product\/yoast-seo-premium-wordpress\/ -->\n<title>Our Divisions - Business Process Outsourcing<\/title>\n<meta name=\"description\" content=\"Gi BPO, the specialised outsourcing practice through which you gain a strategic partner accountable for results.\" \/>\n<meta name=\"robots\" content=\"index, follow, max-snippet:-1, max-image-preview:large, max-video-preview:-1\" \/>\n<link rel=\"canonical\" href=\"https:\/\/pl.gigroup.com\/en\/business-process-outsourcing\/gi-bpo-divisions\/\" \/>\n<meta property=\"og:locale\" content=\"en_US\" \/>\n<meta property=\"og:type\" content=\"article\" \/>\n<meta property=\"og:title\" content=\"Gi BPO - Divisions\" \/>\n<meta property=\"og:description\" content=\"Gi BPO, the specialised outsourcing practice through which you gain a strategic partner accountable for results.\" \/>\n<meta property=\"og:url\" content=\"https:\/\/pl.gigroup.com\/en\/business-process-outsourcing\/gi-bpo-divisions\/\" \/>\n<meta property=\"og:site_name\" content=\"Gi Group Poland\" \/>\n<meta property=\"article:modified_time\" content=\"2026-03-30T15:26:53+00:00\" \/>\n<meta property=\"og:image\" content=\"https:\/\/pl.gigroup.com\/wp-content\/uploads\/sites\/15\/divisions-gibpo.webp\" \/>\n\t<meta property=\"og:image:width\" content=\"900\" \/>\n\t<meta property=\"og:image:height\" content=\"600\" \/>\n\t<meta property=\"og:image:type\" content=\"image\/webp\" \/>\n<meta name=\"twitter:card\" content=\"summary_large_image\" \/>\n<script type=\"application\/ld+json\" class=\"yoast-schema-graph\">{\"@context\":\"https:\\\/\\\/schema.org\",\"@graph\":[{\"@type\":\"WebPage\",\"@id\":\"https:\\\/\\\/pl.gigroup.com\\\/en\\\/business-process-outsourcing\\\/gi-bpo-divisions\\\/\",\"url\":\"https:\\\/\\\/pl.gigroup.com\\\/en\\\/business-process-outsourcing\\\/gi-bpo-divisions\\\/\",\"name\":\"Our Divisions - Business Process Outsourcing\",\"isPartOf\":{\"@id\":\"https:\\\/\\\/pl.gigroup.com\\\/#website\"},\"primaryImageOfPage\":{\"@id\":\"https:\\\/\\\/pl.gigroup.com\\\/en\\\/business-process-outsourcing\\\/gi-bpo-divisions\\\/#primaryimage\"},\"image\":{\"@id\":\"https:\\\/\\\/pl.gigroup.com\\\/en\\\/business-process-outsourcing\\\/gi-bpo-divisions\\\/#primaryimage\"},\"thumbnailUrl\":\"https:\\\/\\\/pl.gigroup.com\\\/wp-content\\\/uploads\\\/sites\\\/15\\\/divisions-gibpo.webp\",\"datePublished\":\"2026-03-17T14:37:57+00:00\",\"dateModified\":\"2026-03-30T15:26:53+00:00\",\"description\":\"Gi BPO, the specialised outsourcing practice through which you gain a strategic partner accountable for results.\",\"breadcrumb\":{\"@id\":\"https:\\\/\\\/pl.gigroup.com\\\/en\\\/business-process-outsourcing\\\/gi-bpo-divisions\\\/#breadcrumb\"},\"inLanguage\":\"en-US\",\"potentialAction\":[{\"@type\":\"ReadAction\",\"target\":[\"https:\\\/\\\/pl.gigroup.com\\\/en\\\/business-process-outsourcing\\\/gi-bpo-divisions\\\/\"]}]},{\"@type\":\"ImageObject\",\"inLanguage\":\"en-US\",\"@id\":\"https:\\\/\\\/pl.gigroup.com\\\/en\\\/business-process-outsourcing\\\/gi-bpo-divisions\\\/#primaryimage\",\"url\":\"https:\\\/\\\/pl.gigroup.com\\\/wp-content\\\/uploads\\\/sites\\\/15\\\/divisions-gibpo.webp\",\"contentUrl\":\"https:\\\/\\\/pl.gigroup.com\\\/wp-content\\\/uploads\\\/sites\\\/15\\\/divisions-gibpo.webp\",\"width\":900,\"height\":600,\"caption\":\"divisions gibpo\"},{\"@type\":\"BreadcrumbList\",\"@id\":\"https:\\\/\\\/pl.gigroup.com\\\/en\\\/business-process-outsourcing\\\/gi-bpo-divisions\\\/#breadcrumb\",\"itemListElement\":[{\"@type\":\"ListItem\",\"position\":1,\"name\":\"Home\",\"item\":\"https:\\\/\\\/pl.gigroup.com\\\/en\\\/\"},{\"@type\":\"ListItem\",\"position\":2,\"name\":\"Gi BPO\",\"item\":\"https:\\\/\\\/pl.gigroup.com\\\/en\\\/business-process-outsourcing\\\/\"},{\"@type\":\"ListItem\",\"position\":3,\"name\":\"Gi BPO &#8211; Divisions\"}]},{\"@type\":\"WebSite\",\"@id\":\"https:\\\/\\\/pl.gigroup.com\\\/#website\",\"url\":\"https:\\\/\\\/pl.gigroup.com\\\/\",\"name\":\"Gi Group Poland\",\"description\":\"Gi Group oferuje us\u0142ugi pracy tymczasowej, rekrutacji sta\u0142ych oraz outsourcingu dla r\u00f3\u017cnych sektor\u00f3w. Odwied\u017a nasz\u0105 stron\u0119 internetow\u0105 i dowiedz si\u0119 wi\u0119cej!\",\"potentialAction\":[{\"@type\":\"SearchAction\",\"target\":{\"@type\":\"EntryPoint\",\"urlTemplate\":\"https:\\\/\\\/pl.gigroup.com\\\/?s={search_term_string}\"},\"query-input\":{\"@type\":\"PropertyValueSpecification\",\"valueRequired\":true,\"valueName\":\"search_term_string\"}}],\"inLanguage\":\"en-US\"}]}<\/script>\n<!-- \/ Yoast SEO Premium plugin. -->","yoast_head_json":{"title":"Our Divisions - Business Process Outsourcing","description":"Gi BPO, the specialised outsourcing practice through which you gain a strategic partner accountable for results.","robots":{"index":"index","follow":"follow","max-snippet":"max-snippet:-1","max-image-preview":"max-image-preview:large","max-video-preview":"max-video-preview:-1"},"canonical":"https:\/\/pl.gigroup.com\/en\/business-process-outsourcing\/gi-bpo-divisions\/","og_locale":"en_US","og_type":"article","og_title":"Gi BPO - Divisions","og_description":"Gi BPO, the specialised outsourcing practice through which you gain a strategic partner accountable for results.","og_url":"https:\/\/pl.gigroup.com\/en\/business-process-outsourcing\/gi-bpo-divisions\/","og_site_name":"Gi Group Poland","article_modified_time":"2026-03-30T15:26:53+00:00","og_image":[{"width":900,"height":600,"url":"https:\/\/pl.gigroup.com\/wp-content\/uploads\/sites\/15\/divisions-gibpo.webp","type":"image\/webp"}],"twitter_card":"summary_large_image","schema":{"@context":"https:\/\/schema.org","@graph":[{"@type":"WebPage","@id":"https:\/\/pl.gigroup.com\/en\/business-process-outsourcing\/gi-bpo-divisions\/","url":"https:\/\/pl.gigroup.com\/en\/business-process-outsourcing\/gi-bpo-divisions\/","name":"Our Divisions - Business Process Outsourcing","isPartOf":{"@id":"https:\/\/pl.gigroup.com\/#website"},"primaryImageOfPage":{"@id":"https:\/\/pl.gigroup.com\/en\/business-process-outsourcing\/gi-bpo-divisions\/#primaryimage"},"image":{"@id":"https:\/\/pl.gigroup.com\/en\/business-process-outsourcing\/gi-bpo-divisions\/#primaryimage"},"thumbnailUrl":"https:\/\/pl.gigroup.com\/wp-content\/uploads\/sites\/15\/divisions-gibpo.webp","datePublished":"2026-03-17T14:37:57+00:00","dateModified":"2026-03-30T15:26:53+00:00","description":"Gi BPO, the specialised outsourcing practice through which you gain a strategic partner accountable for results.","breadcrumb":{"@id":"https:\/\/pl.gigroup.com\/en\/business-process-outsourcing\/gi-bpo-divisions\/#breadcrumb"},"inLanguage":"en-US","potentialAction":[{"@type":"ReadAction","target":["https:\/\/pl.gigroup.com\/en\/business-process-outsourcing\/gi-bpo-divisions\/"]}]},{"@type":"ImageObject","inLanguage":"en-US","@id":"https:\/\/pl.gigroup.com\/en\/business-process-outsourcing\/gi-bpo-divisions\/#primaryimage","url":"https:\/\/pl.gigroup.com\/wp-content\/uploads\/sites\/15\/divisions-gibpo.webp","contentUrl":"https:\/\/pl.gigroup.com\/wp-content\/uploads\/sites\/15\/divisions-gibpo.webp","width":900,"height":600,"caption":"divisions gibpo"},{"@type":"BreadcrumbList","@id":"https:\/\/pl.gigroup.com\/en\/business-process-outsourcing\/gi-bpo-divisions\/#breadcrumb","itemListElement":[{"@type":"ListItem","position":1,"name":"Home","item":"https:\/\/pl.gigroup.com\/en\/"},{"@type":"ListItem","position":2,"name":"Gi BPO","item":"https:\/\/pl.gigroup.com\/en\/business-process-outsourcing\/"},{"@type":"ListItem","position":3,"name":"Gi BPO &#8211; Divisions"}]},{"@type":"WebSite","@id":"https:\/\/pl.gigroup.com\/#website","url":"https:\/\/pl.gigroup.com\/","name":"Gi Group Poland","description":"Gi Group oferuje us\u0142ugi pracy tymczasowej, rekrutacji sta\u0142ych oraz outsourcingu dla r\u00f3\u017cnych sektor\u00f3w. Odwied\u017a nasz\u0105 stron\u0119 internetow\u0105 i dowiedz si\u0119 wi\u0119cej!","potentialAction":[{"@type":"SearchAction","target":{"@type":"EntryPoint","urlTemplate":"https:\/\/pl.gigroup.com\/?s={search_term_string}"},"query-input":{"@type":"PropertyValueSpecification","valueRequired":true,"valueName":"search_term_string"}}],"inLanguage":"en-US"}]}},"_links":{"self":[{"href":"https:\/\/pl.gigroup.com\/en\/wp-json\/wp\/v2\/pages\/170859","targetHints":{"allow":["GET"]}}],"collection":[{"href":"https:\/\/pl.gigroup.com\/en\/wp-json\/wp\/v2\/pages"}],"about":[{"href":"https:\/\/pl.gigroup.com\/en\/wp-json\/wp\/v2\/types\/page"}],"author":[{"embeddable":true,"href":"https:\/\/pl.gigroup.com\/en\/wp-json\/wp\/v2\/users\/1"}],"replies":[{"embeddable":true,"href":"https:\/\/pl.gigroup.com\/en\/wp-json\/wp\/v2\/comments?post=170859"}],"version-history":[{"count":21,"href":"https:\/\/pl.gigroup.com\/en\/wp-json\/wp\/v2\/pages\/170859\/revisions"}],"predecessor-version":[{"id":171738,"href":"https:\/\/pl.gigroup.com\/en\/wp-json\/wp\/v2\/pages\/170859\/revisions\/171738"}],"up":[{"embeddable":true,"href":"https:\/\/pl.gigroup.com\/en\/wp-json\/wp\/v2\/pages\/170846"}],"wp:featuredmedia":[{"embeddable":true,"href":"https:\/\/pl.gigroup.com\/en\/wp-json\/wp\/v2\/media\/170785"}],"wp:attachment":[{"href":"https:\/\/pl.gigroup.com\/en\/wp-json\/wp\/v2\/media?parent=170859"}],"curies":[{"name":"wp","href":"https:\/\/api.w.org\/{rel}","templated":true}]}}