{"id":170871,"date":"2026-03-17T15:43:04","date_gmt":"2026-03-17T14:43:04","guid":{"rendered":"https:\/\/pl.gigroup.com\/?page_id=170871"},"modified":"2026-03-30T11:10:06","modified_gmt":"2026-03-30T09:10:06","slug":"back-office-digital","status":"publish","type":"page","link":"https:\/\/pl.gigroup.com\/en\/business-process-outsourcing\/gi-bpo-divisions\/back-office-digital\/","title":{"rendered":"Gi BPO &#8211; Back office and Digital Division"},"content":{"rendered":"","protected":false},"excerpt":{"rendered":"","protected":false},"author":1,"featured_media":170777,"parent":170859,"menu_order":0,"comment_status":"closed","ping_status":"closed","template":"","meta":{"footnotes":""},"class_list":["post-170871","page","type-page","status-publish","has-post-thumbnail","hentry"],"yoast_head":"<!-- This site is optimized with the Yoast SEO Premium plugin v27.4 (Yoast SEO v27.4) - https:\/\/yoast.com\/product\/yoast-seo-premium-wordpress\/ -->\n<title>Back office and Digital Division - Business Process Outsourcing<\/title>\n<meta name=\"description\" content=\"Discover our specialised division to streamline business processes with expert back-office solutions for optimal efficiency.\" \/>\n<meta name=\"robots\" content=\"index, follow, max-snippet:-1, max-image-preview:large, max-video-preview:-1\" \/>\n<link rel=\"canonical\" href=\"https:\/\/pl.gigroup.com\/en\/business-process-outsourcing\/gi-bpo-divisions\/back-office-digital\/\" \/>\n<meta property=\"og:locale\" content=\"en_US\" \/>\n<meta property=\"og:type\" content=\"article\" \/>\n<meta property=\"og:title\" content=\"Gi BPO - Back office and Digital Division\" \/>\n<meta property=\"og:description\" content=\"Discover our specialised division to streamline business processes with expert back-office solutions for optimal efficiency.\" \/>\n<meta property=\"og:url\" content=\"https:\/\/pl.gigroup.com\/en\/business-process-outsourcing\/gi-bpo-divisions\/back-office-digital\/\" \/>\n<meta property=\"og:site_name\" content=\"Gi Group Poland\" \/>\n<meta property=\"article:modified_time\" content=\"2026-03-30T09:10:06+00:00\" \/>\n<meta property=\"og:image\" content=\"https:\/\/pl.gigroup.com\/wp-content\/uploads\/sites\/15\/backoffice.webp\" \/>\n\t<meta property=\"og:image:width\" content=\"900\" \/>\n\t<meta property=\"og:image:height\" content=\"600\" \/>\n\t<meta property=\"og:image:type\" content=\"image\/webp\" \/>\n<meta name=\"twitter:card\" content=\"summary_large_image\" \/>\n<script type=\"application\/ld+json\" class=\"yoast-schema-graph\">{\"@context\":\"https:\\\/\\\/schema.org\",\"@graph\":[{\"@type\":\"WebPage\",\"@id\":\"https:\\\/\\\/pl.gigroup.com\\\/en\\\/business-process-outsourcing\\\/gi-bpo-divisions\\\/back-office-digital\\\/\",\"url\":\"https:\\\/\\\/pl.gigroup.com\\\/en\\\/business-process-outsourcing\\\/gi-bpo-divisions\\\/back-office-digital\\\/\",\"name\":\"Back office and Digital Division - Business Process Outsourcing\",\"isPartOf\":{\"@id\":\"https:\\\/\\\/pl.gigroup.com\\\/#website\"},\"primaryImageOfPage\":{\"@id\":\"https:\\\/\\\/pl.gigroup.com\\\/en\\\/business-process-outsourcing\\\/gi-bpo-divisions\\\/back-office-digital\\\/#primaryimage\"},\"image\":{\"@id\":\"https:\\\/\\\/pl.gigroup.com\\\/en\\\/business-process-outsourcing\\\/gi-bpo-divisions\\\/back-office-digital\\\/#primaryimage\"},\"thumbnailUrl\":\"https:\\\/\\\/pl.gigroup.com\\\/wp-content\\\/uploads\\\/sites\\\/15\\\/backoffice.webp\",\"datePublished\":\"2026-03-17T14:43:04+00:00\",\"dateModified\":\"2026-03-30T09:10:06+00:00\",\"description\":\"Discover our specialised division to streamline business processes with expert back-office solutions for optimal efficiency.\",\"breadcrumb\":{\"@id\":\"https:\\\/\\\/pl.gigroup.com\\\/en\\\/business-process-outsourcing\\\/gi-bpo-divisions\\\/back-office-digital\\\/#breadcrumb\"},\"inLanguage\":\"en-US\",\"potentialAction\":[{\"@type\":\"ReadAction\",\"target\":[\"https:\\\/\\\/pl.gigroup.com\\\/en\\\/business-process-outsourcing\\\/gi-bpo-divisions\\\/back-office-digital\\\/\"]}]},{\"@type\":\"ImageObject\",\"inLanguage\":\"en-US\",\"@id\":\"https:\\\/\\\/pl.gigroup.com\\\/en\\\/business-process-outsourcing\\\/gi-bpo-divisions\\\/back-office-digital\\\/#primaryimage\",\"url\":\"https:\\\/\\\/pl.gigroup.com\\\/wp-content\\\/uploads\\\/sites\\\/15\\\/backoffice.webp\",\"contentUrl\":\"https:\\\/\\\/pl.gigroup.com\\\/wp-content\\\/uploads\\\/sites\\\/15\\\/backoffice.webp\",\"width\":900,\"height\":600,\"caption\":\"backoffice\"},{\"@type\":\"BreadcrumbList\",\"@id\":\"https:\\\/\\\/pl.gigroup.com\\\/en\\\/business-process-outsourcing\\\/gi-bpo-divisions\\\/back-office-digital\\\/#breadcrumb\",\"itemListElement\":[{\"@type\":\"ListItem\",\"position\":1,\"name\":\"Home\",\"item\":\"https:\\\/\\\/pl.gigroup.com\\\/en\\\/\"},{\"@type\":\"ListItem\",\"position\":2,\"name\":\"Gi BPO\",\"item\":\"https:\\\/\\\/pl.gigroup.com\\\/en\\\/business-process-outsourcing\\\/\"},{\"@type\":\"ListItem\",\"position\":3,\"name\":\"Gi BPO &#8211; Divisions\",\"item\":\"https:\\\/\\\/pl.gigroup.com\\\/en\\\/business-process-outsourcing\\\/gi-bpo-divisions\\\/\"},{\"@type\":\"ListItem\",\"position\":4,\"name\":\"Gi BPO &#8211; Back office and Digital Division\"}]},{\"@type\":\"WebSite\",\"@id\":\"https:\\\/\\\/pl.gigroup.com\\\/#website\",\"url\":\"https:\\\/\\\/pl.gigroup.com\\\/\",\"name\":\"Gi Group Poland\",\"description\":\"Gi Group oferuje us\u0142ugi pracy tymczasowej, rekrutacji sta\u0142ych oraz outsourcingu dla r\u00f3\u017cnych sektor\u00f3w. Odwied\u017a nasz\u0105 stron\u0119 internetow\u0105 i dowiedz si\u0119 wi\u0119cej!\",\"potentialAction\":[{\"@type\":\"SearchAction\",\"target\":{\"@type\":\"EntryPoint\",\"urlTemplate\":\"https:\\\/\\\/pl.gigroup.com\\\/?s={search_term_string}\"},\"query-input\":{\"@type\":\"PropertyValueSpecification\",\"valueRequired\":true,\"valueName\":\"search_term_string\"}}],\"inLanguage\":\"en-US\"}]}<\/script>\n<!-- \/ Yoast SEO Premium plugin. -->","yoast_head_json":{"title":"Back office and Digital Division - Business Process Outsourcing","description":"Discover our specialised division to streamline business processes with expert back-office solutions for optimal efficiency.","robots":{"index":"index","follow":"follow","max-snippet":"max-snippet:-1","max-image-preview":"max-image-preview:large","max-video-preview":"max-video-preview:-1"},"canonical":"https:\/\/pl.gigroup.com\/en\/business-process-outsourcing\/gi-bpo-divisions\/back-office-digital\/","og_locale":"en_US","og_type":"article","og_title":"Gi BPO - Back office and Digital Division","og_description":"Discover our specialised division to streamline business processes with expert back-office solutions for optimal efficiency.","og_url":"https:\/\/pl.gigroup.com\/en\/business-process-outsourcing\/gi-bpo-divisions\/back-office-digital\/","og_site_name":"Gi Group Poland","article_modified_time":"2026-03-30T09:10:06+00:00","og_image":[{"width":900,"height":600,"url":"https:\/\/pl.gigroup.com\/wp-content\/uploads\/sites\/15\/backoffice.webp","type":"image\/webp"}],"twitter_card":"summary_large_image","schema":{"@context":"https:\/\/schema.org","@graph":[{"@type":"WebPage","@id":"https:\/\/pl.gigroup.com\/en\/business-process-outsourcing\/gi-bpo-divisions\/back-office-digital\/","url":"https:\/\/pl.gigroup.com\/en\/business-process-outsourcing\/gi-bpo-divisions\/back-office-digital\/","name":"Back office and Digital Division - Business Process Outsourcing","isPartOf":{"@id":"https:\/\/pl.gigroup.com\/#website"},"primaryImageOfPage":{"@id":"https:\/\/pl.gigroup.com\/en\/business-process-outsourcing\/gi-bpo-divisions\/back-office-digital\/#primaryimage"},"image":{"@id":"https:\/\/pl.gigroup.com\/en\/business-process-outsourcing\/gi-bpo-divisions\/back-office-digital\/#primaryimage"},"thumbnailUrl":"https:\/\/pl.gigroup.com\/wp-content\/uploads\/sites\/15\/backoffice.webp","datePublished":"2026-03-17T14:43:04+00:00","dateModified":"2026-03-30T09:10:06+00:00","description":"Discover our specialised division to streamline business processes with expert back-office solutions for optimal efficiency.","breadcrumb":{"@id":"https:\/\/pl.gigroup.com\/en\/business-process-outsourcing\/gi-bpo-divisions\/back-office-digital\/#breadcrumb"},"inLanguage":"en-US","potentialAction":[{"@type":"ReadAction","target":["https:\/\/pl.gigroup.com\/en\/business-process-outsourcing\/gi-bpo-divisions\/back-office-digital\/"]}]},{"@type":"ImageObject","inLanguage":"en-US","@id":"https:\/\/pl.gigroup.com\/en\/business-process-outsourcing\/gi-bpo-divisions\/back-office-digital\/#primaryimage","url":"https:\/\/pl.gigroup.com\/wp-content\/uploads\/sites\/15\/backoffice.webp","contentUrl":"https:\/\/pl.gigroup.com\/wp-content\/uploads\/sites\/15\/backoffice.webp","width":900,"height":600,"caption":"backoffice"},{"@type":"BreadcrumbList","@id":"https:\/\/pl.gigroup.com\/en\/business-process-outsourcing\/gi-bpo-divisions\/back-office-digital\/#breadcrumb","itemListElement":[{"@type":"ListItem","position":1,"name":"Home","item":"https:\/\/pl.gigroup.com\/en\/"},{"@type":"ListItem","position":2,"name":"Gi BPO","item":"https:\/\/pl.gigroup.com\/en\/business-process-outsourcing\/"},{"@type":"ListItem","position":3,"name":"Gi BPO &#8211; Divisions","item":"https:\/\/pl.gigroup.com\/en\/business-process-outsourcing\/gi-bpo-divisions\/"},{"@type":"ListItem","position":4,"name":"Gi BPO &#8211; Back office and Digital Division"}]},{"@type":"WebSite","@id":"https:\/\/pl.gigroup.com\/#website","url":"https:\/\/pl.gigroup.com\/","name":"Gi Group Poland","description":"Gi Group oferuje us\u0142ugi pracy tymczasowej, rekrutacji sta\u0142ych oraz outsourcingu dla r\u00f3\u017cnych sektor\u00f3w. Odwied\u017a nasz\u0105 stron\u0119 internetow\u0105 i dowiedz si\u0119 wi\u0119cej!","potentialAction":[{"@type":"SearchAction","target":{"@type":"EntryPoint","urlTemplate":"https:\/\/pl.gigroup.com\/?s={search_term_string}"},"query-input":{"@type":"PropertyValueSpecification","valueRequired":true,"valueName":"search_term_string"}}],"inLanguage":"en-US"}]}},"_links":{"self":[{"href":"https:\/\/pl.gigroup.com\/en\/wp-json\/wp\/v2\/pages\/170871","targetHints":{"allow":["GET"]}}],"collection":[{"href":"https:\/\/pl.gigroup.com\/en\/wp-json\/wp\/v2\/pages"}],"about":[{"href":"https:\/\/pl.gigroup.com\/en\/wp-json\/wp\/v2\/types\/page"}],"author":[{"embeddable":true,"href":"https:\/\/pl.gigroup.com\/en\/wp-json\/wp\/v2\/users\/1"}],"replies":[{"embeddable":true,"href":"https:\/\/pl.gigroup.com\/en\/wp-json\/wp\/v2\/comments?post=170871"}],"version-history":[{"count":15,"href":"https:\/\/pl.gigroup.com\/en\/wp-json\/wp\/v2\/pages\/170871\/revisions"}],"predecessor-version":[{"id":171638,"href":"https:\/\/pl.gigroup.com\/en\/wp-json\/wp\/v2\/pages\/170871\/revisions\/171638"}],"up":[{"embeddable":true,"href":"https:\/\/pl.gigroup.com\/en\/wp-json\/wp\/v2\/pages\/170859"}],"wp:featuredmedia":[{"embeddable":true,"href":"https:\/\/pl.gigroup.com\/en\/wp-json\/wp\/v2\/media\/170777"}],"wp:attachment":[{"href":"https:\/\/pl.gigroup.com\/en\/wp-json\/wp\/v2\/media?parent=170871"}],"curies":[{"name":"wp","href":"https:\/\/api.w.org\/{rel}","templated":true}]}}