{"id":3727,"date":"2025-07-09T15:55:10","date_gmt":"2025-07-09T14:55:10","guid":{"rendered":"https:\/\/pl.gigroup.com\/?page_id=3727"},"modified":"2026-04-29T20:32:48","modified_gmt":"2026-04-29T18:32:48","slug":"other-hr-services","status":"publish","type":"page","link":"https:\/\/pl.gigroup.com\/en\/for-employers\/our-services\/other-hr-services\/","title":{"rendered":"Other HR Services"},"content":{"rendered":"","protected":false},"excerpt":{"rendered":"","protected":false},"author":1,"featured_media":3729,"parent":168903,"menu_order":0,"comment_status":"closed","ping_status":"closed","template":"","meta":{"footnotes":""},"class_list":["post-3727","page","type-page","status-publish","has-post-thumbnail","hentry"],"yoast_head":"<!-- This site is optimized with the Yoast SEO Premium plugin v27.4 (Yoast SEO v27.4) - https:\/\/yoast.com\/product\/yoast-seo-premium-wordpress\/ -->\n<title>Other HR Services - Gi Group Poland<\/title>\n<meta name=\"description\" content=\"Discover our additional HR services: Recruitment Process Outsourcing (RPO), Multi-Site Management (MSM), On Site support, and Employer Branding. We provide flexible, tailored support to meet your business needs.\" \/>\n<meta name=\"robots\" content=\"index, follow, max-snippet:-1, max-image-preview:large, max-video-preview:-1\" \/>\n<link rel=\"canonical\" href=\"https:\/\/pl.gigroup.com\/en\/for-employers\/our-services\/other-hr-services\/\" \/>\n<meta property=\"og:locale\" content=\"en_US\" \/>\n<meta property=\"og:type\" content=\"article\" \/>\n<meta property=\"og:title\" content=\"Other HR Services\" \/>\n<meta property=\"og:description\" content=\"Discover our additional HR services: Recruitment Process Outsourcing (RPO), Multi-Site Management (MSM), On Site support, and Employer Branding. We provide flexible, tailored support to meet your business needs.\" \/>\n<meta property=\"og:url\" content=\"https:\/\/pl.gigroup.com\/en\/for-employers\/our-services\/other-hr-services\/\" \/>\n<meta property=\"og:site_name\" content=\"Gi Group Poland\" \/>\n<meta property=\"article:modified_time\" content=\"2026-04-29T18:32:48+00:00\" \/>\n<meta property=\"og:image\" content=\"https:\/\/pl.gigroup.com\/wp-content\/uploads\/sites\/15\/business-officer.webp\" \/>\n\t<meta property=\"og:image:width\" content=\"900\" \/>\n\t<meta property=\"og:image:height\" content=\"600\" \/>\n\t<meta property=\"og:image:type\" content=\"image\/webp\" \/>\n<meta name=\"twitter:card\" content=\"summary_large_image\" \/>\n<script type=\"application\/ld+json\" class=\"yoast-schema-graph\">{\"@context\":\"https:\\\/\\\/schema.org\",\"@graph\":[{\"@type\":\"WebPage\",\"@id\":\"https:\\\/\\\/pl.gigroup.com\\\/en\\\/for-employers\\\/our-services\\\/other-hr-services\\\/\",\"url\":\"https:\\\/\\\/pl.gigroup.com\\\/en\\\/for-employers\\\/our-services\\\/other-hr-services\\\/\",\"name\":\"Other HR Services - Gi Group Poland\",\"isPartOf\":{\"@id\":\"https:\\\/\\\/pl.gigroup.com\\\/#website\"},\"primaryImageOfPage\":{\"@id\":\"https:\\\/\\\/pl.gigroup.com\\\/en\\\/for-employers\\\/our-services\\\/other-hr-services\\\/#primaryimage\"},\"image\":{\"@id\":\"https:\\\/\\\/pl.gigroup.com\\\/en\\\/for-employers\\\/our-services\\\/other-hr-services\\\/#primaryimage\"},\"thumbnailUrl\":\"https:\\\/\\\/pl.gigroup.com\\\/wp-content\\\/uploads\\\/sites\\\/15\\\/business-officer.webp\",\"datePublished\":\"2025-07-09T14:55:10+00:00\",\"dateModified\":\"2026-04-29T18:32:48+00:00\",\"description\":\"Discover our additional HR services: Recruitment Process Outsourcing (RPO), Multi-Site Management (MSM), On Site support, and Employer Branding. We provide flexible, tailored support to meet your business needs.\",\"breadcrumb\":{\"@id\":\"https:\\\/\\\/pl.gigroup.com\\\/en\\\/for-employers\\\/our-services\\\/other-hr-services\\\/#breadcrumb\"},\"inLanguage\":\"en-US\",\"potentialAction\":[{\"@type\":\"ReadAction\",\"target\":[\"https:\\\/\\\/pl.gigroup.com\\\/en\\\/for-employers\\\/our-services\\\/other-hr-services\\\/\"]}]},{\"@type\":\"ImageObject\",\"inLanguage\":\"en-US\",\"@id\":\"https:\\\/\\\/pl.gigroup.com\\\/en\\\/for-employers\\\/our-services\\\/other-hr-services\\\/#primaryimage\",\"url\":\"https:\\\/\\\/pl.gigroup.com\\\/wp-content\\\/uploads\\\/sites\\\/15\\\/business-officer.webp\",\"contentUrl\":\"https:\\\/\\\/pl.gigroup.com\\\/wp-content\\\/uploads\\\/sites\\\/15\\\/business-officer.webp\",\"width\":900,\"height\":600,\"caption\":\"business officer\"},{\"@type\":\"BreadcrumbList\",\"@id\":\"https:\\\/\\\/pl.gigroup.com\\\/en\\\/for-employers\\\/our-services\\\/other-hr-services\\\/#breadcrumb\",\"itemListElement\":[{\"@type\":\"ListItem\",\"position\":1,\"name\":\"Home\",\"item\":\"https:\\\/\\\/pl.gigroup.com\\\/en\\\/\"},{\"@type\":\"ListItem\",\"position\":2,\"name\":\"For Employers\",\"item\":\"https:\\\/\\\/pl.gigroup.com\\\/en\\\/for-employers\\\/\"},{\"@type\":\"ListItem\",\"position\":3,\"name\":\"Our services\",\"item\":\"https:\\\/\\\/pl.gigroup.com\\\/en\\\/for-employers\\\/our-services\\\/\"},{\"@type\":\"ListItem\",\"position\":4,\"name\":\"Other HR Services\"}]},{\"@type\":\"WebSite\",\"@id\":\"https:\\\/\\\/pl.gigroup.com\\\/#website\",\"url\":\"https:\\\/\\\/pl.gigroup.com\\\/\",\"name\":\"Gi Group Poland\",\"description\":\"Gi Group oferuje us\u0142ugi pracy tymczasowej, rekrutacji sta\u0142ych oraz outsourcingu dla r\u00f3\u017cnych sektor\u00f3w. Odwied\u017a nasz\u0105 stron\u0119 internetow\u0105 i dowiedz si\u0119 wi\u0119cej!\",\"potentialAction\":[{\"@type\":\"SearchAction\",\"target\":{\"@type\":\"EntryPoint\",\"urlTemplate\":\"https:\\\/\\\/pl.gigroup.com\\\/?s={search_term_string}\"},\"query-input\":{\"@type\":\"PropertyValueSpecification\",\"valueRequired\":true,\"valueName\":\"search_term_string\"}}],\"inLanguage\":\"en-US\"}]}<\/script>\n<!-- \/ Yoast SEO Premium plugin. -->","yoast_head_json":{"title":"Other HR Services - Gi Group Poland","description":"Discover our additional HR services: Recruitment Process Outsourcing (RPO), Multi-Site Management (MSM), On Site support, and Employer Branding. We provide flexible, tailored support to meet your business needs.","robots":{"index":"index","follow":"follow","max-snippet":"max-snippet:-1","max-image-preview":"max-image-preview:large","max-video-preview":"max-video-preview:-1"},"canonical":"https:\/\/pl.gigroup.com\/en\/for-employers\/our-services\/other-hr-services\/","og_locale":"en_US","og_type":"article","og_title":"Other HR Services","og_description":"Discover our additional HR services: Recruitment Process Outsourcing (RPO), Multi-Site Management (MSM), On Site support, and Employer Branding. We provide flexible, tailored support to meet your business needs.","og_url":"https:\/\/pl.gigroup.com\/en\/for-employers\/our-services\/other-hr-services\/","og_site_name":"Gi Group Poland","article_modified_time":"2026-04-29T18:32:48+00:00","og_image":[{"width":900,"height":600,"url":"https:\/\/pl.gigroup.com\/wp-content\/uploads\/sites\/15\/business-officer.webp","type":"image\/webp"}],"twitter_card":"summary_large_image","schema":{"@context":"https:\/\/schema.org","@graph":[{"@type":"WebPage","@id":"https:\/\/pl.gigroup.com\/en\/for-employers\/our-services\/other-hr-services\/","url":"https:\/\/pl.gigroup.com\/en\/for-employers\/our-services\/other-hr-services\/","name":"Other HR Services - Gi Group Poland","isPartOf":{"@id":"https:\/\/pl.gigroup.com\/#website"},"primaryImageOfPage":{"@id":"https:\/\/pl.gigroup.com\/en\/for-employers\/our-services\/other-hr-services\/#primaryimage"},"image":{"@id":"https:\/\/pl.gigroup.com\/en\/for-employers\/our-services\/other-hr-services\/#primaryimage"},"thumbnailUrl":"https:\/\/pl.gigroup.com\/wp-content\/uploads\/sites\/15\/business-officer.webp","datePublished":"2025-07-09T14:55:10+00:00","dateModified":"2026-04-29T18:32:48+00:00","description":"Discover our additional HR services: Recruitment Process Outsourcing (RPO), Multi-Site Management (MSM), On Site support, and Employer Branding. We provide flexible, tailored support to meet your business needs.","breadcrumb":{"@id":"https:\/\/pl.gigroup.com\/en\/for-employers\/our-services\/other-hr-services\/#breadcrumb"},"inLanguage":"en-US","potentialAction":[{"@type":"ReadAction","target":["https:\/\/pl.gigroup.com\/en\/for-employers\/our-services\/other-hr-services\/"]}]},{"@type":"ImageObject","inLanguage":"en-US","@id":"https:\/\/pl.gigroup.com\/en\/for-employers\/our-services\/other-hr-services\/#primaryimage","url":"https:\/\/pl.gigroup.com\/wp-content\/uploads\/sites\/15\/business-officer.webp","contentUrl":"https:\/\/pl.gigroup.com\/wp-content\/uploads\/sites\/15\/business-officer.webp","width":900,"height":600,"caption":"business officer"},{"@type":"BreadcrumbList","@id":"https:\/\/pl.gigroup.com\/en\/for-employers\/our-services\/other-hr-services\/#breadcrumb","itemListElement":[{"@type":"ListItem","position":1,"name":"Home","item":"https:\/\/pl.gigroup.com\/en\/"},{"@type":"ListItem","position":2,"name":"For Employers","item":"https:\/\/pl.gigroup.com\/en\/for-employers\/"},{"@type":"ListItem","position":3,"name":"Our services","item":"https:\/\/pl.gigroup.com\/en\/for-employers\/our-services\/"},{"@type":"ListItem","position":4,"name":"Other HR Services"}]},{"@type":"WebSite","@id":"https:\/\/pl.gigroup.com\/#website","url":"https:\/\/pl.gigroup.com\/","name":"Gi Group Poland","description":"Gi Group oferuje us\u0142ugi pracy tymczasowej, rekrutacji sta\u0142ych oraz outsourcingu dla r\u00f3\u017cnych sektor\u00f3w. Odwied\u017a nasz\u0105 stron\u0119 internetow\u0105 i dowiedz si\u0119 wi\u0119cej!","potentialAction":[{"@type":"SearchAction","target":{"@type":"EntryPoint","urlTemplate":"https:\/\/pl.gigroup.com\/?s={search_term_string}"},"query-input":{"@type":"PropertyValueSpecification","valueRequired":true,"valueName":"search_term_string"}}],"inLanguage":"en-US"}]}},"_links":{"self":[{"href":"https:\/\/pl.gigroup.com\/en\/wp-json\/wp\/v2\/pages\/3727","targetHints":{"allow":["GET"]}}],"collection":[{"href":"https:\/\/pl.gigroup.com\/en\/wp-json\/wp\/v2\/pages"}],"about":[{"href":"https:\/\/pl.gigroup.com\/en\/wp-json\/wp\/v2\/types\/page"}],"author":[{"embeddable":true,"href":"https:\/\/pl.gigroup.com\/en\/wp-json\/wp\/v2\/users\/1"}],"replies":[{"embeddable":true,"href":"https:\/\/pl.gigroup.com\/en\/wp-json\/wp\/v2\/comments?post=3727"}],"version-history":[{"count":11,"href":"https:\/\/pl.gigroup.com\/en\/wp-json\/wp\/v2\/pages\/3727\/revisions"}],"predecessor-version":[{"id":171922,"href":"https:\/\/pl.gigroup.com\/en\/wp-json\/wp\/v2\/pages\/3727\/revisions\/171922"}],"up":[{"embeddable":true,"href":"https:\/\/pl.gigroup.com\/en\/wp-json\/wp\/v2\/pages\/168903"}],"wp:featuredmedia":[{"embeddable":true,"href":"https:\/\/pl.gigroup.com\/en\/wp-json\/wp\/v2\/media\/3729"}],"wp:attachment":[{"href":"https:\/\/pl.gigroup.com\/en\/wp-json\/wp\/v2\/media?parent=3727"}],"curies":[{"name":"wp","href":"https:\/\/api.w.org\/{rel}","templated":true}]}}