{"id":168637,"date":"2024-12-23T14:49:52","date_gmt":"2024-12-23T13:49:52","guid":{"rendered":"https:\/\/pl.gigroup.com\/about-gi-group\/"},"modified":"2025-07-31T15:27:25","modified_gmt":"2025-07-31T13:27:25","slug":"o-kompanii-gi-group","status":"publish","type":"page","link":"https:\/\/pl.gigroup.com\/ru\/o-kompanii-gi-group\/","title":{"rendered":"\u041e \u043a\u043e\u043c\u043f\u0430\u043d\u0438\u0438 Gi Group <!-- About Gi Group -->"},"content":{"rendered":"","protected":false},"excerpt":{"rendered":"","protected":false},"author":1,"featured_media":3620,"parent":0,"menu_order":0,"comment_status":"closed","ping_status":"closed","template":"","meta":{"footnotes":""},"class_list":["post-168637","page","type-page","status-publish","has-post-thumbnail","hentry"],"yoast_head":"<!-- This site is optimized with the Yoast SEO Premium plugin v27.4 (Yoast SEO v27.4) - https:\/\/yoast.com\/product\/yoast-seo-premium-wordpress\/ -->\n<title>\u041e \u043a\u043e\u043c\u043f\u0430\u043d\u0438\u0438 - Gi Group Poland<\/title>\n<meta name=\"description\" content=\"\u0412\u044b \u0438\u0449\u0435\u0442\u0435 \u043f\u043e\u0434\u0445\u043e\u0434\u044f\u0449\u0443\u044e \u0440\u0430\u0431\u043e\u0442\u0443 \u0438\u043b\u0438 \u0438\u0434\u0435\u0430\u043b\u044c\u043d\u043e\u0435 \u0440\u0435\u0448\u0435\u043d\u0438\u0435 \u0434\u043b\u044f \u0432\u0430\u0448\u0435\u0433\u043e \u0431\u0438\u0437\u043d\u0435\u0441\u0430? \u041c\u044b \u0437\u0434\u0435\u0441\u044c, \u0447\u0442\u043e\u0431\u044b \u043f\u043e\u0434\u0434\u0435\u0440\u0436\u0430\u0442\u044c \u0432\u0430\u0441 \u0432 \u0434\u043e\u0441\u0442\u0438\u0436\u0435\u043d\u0438\u0438 \u0432\u0430\u0448\u0438\u0445 \u0446\u0435\u043b\u0435\u0439.\" \/>\n<meta name=\"robots\" content=\"index, follow, max-snippet:-1, max-image-preview:large, max-video-preview:-1\" \/>\n<link rel=\"canonical\" href=\"https:\/\/pl.gigroup.com\/ru\/o-kompanii-gi-group\/\" \/>\n<meta property=\"og:locale\" content=\"uk_UA\" \/>\n<meta property=\"og:type\" content=\"article\" \/>\n<meta property=\"og:title\" content=\"\u041e \u043a\u043e\u043c\u043f\u0430\u043d\u0438\u0438 Gi Group\" \/>\n<meta property=\"og:description\" content=\"\u0412\u044b \u0438\u0449\u0435\u0442\u0435 \u043f\u043e\u0434\u0445\u043e\u0434\u044f\u0449\u0443\u044e \u0440\u0430\u0431\u043e\u0442\u0443 \u0438\u043b\u0438 \u0438\u0434\u0435\u0430\u043b\u044c\u043d\u043e\u0435 \u0440\u0435\u0448\u0435\u043d\u0438\u0435 \u0434\u043b\u044f \u0432\u0430\u0448\u0435\u0433\u043e \u0431\u0438\u0437\u043d\u0435\u0441\u0430? \u041c\u044b \u0437\u0434\u0435\u0441\u044c, \u0447\u0442\u043e\u0431\u044b \u043f\u043e\u0434\u0434\u0435\u0440\u0436\u0430\u0442\u044c \u0432\u0430\u0441 \u0432 \u0434\u043e\u0441\u0442\u0438\u0436\u0435\u043d\u0438\u0438 \u0432\u0430\u0448\u0438\u0445 \u0446\u0435\u043b\u0435\u0439.\" \/>\n<meta property=\"og:url\" content=\"https:\/\/pl.gigroup.com\/ru\/o-kompanii-gi-group\/\" \/>\n<meta property=\"og:site_name\" content=\"Gi Group Poland\" \/>\n<meta property=\"article:modified_time\" content=\"2025-07-31T13:27:25+00:00\" \/>\n<meta property=\"og:image\" content=\"https:\/\/pl.gigroup.com\/wp-content\/uploads\/sites\/15\/header-about-us.webp\" \/>\n\t<meta property=\"og:image:width\" content=\"900\" \/>\n\t<meta property=\"og:image:height\" content=\"600\" \/>\n\t<meta property=\"og:image:type\" content=\"image\/webp\" \/>\n<meta name=\"twitter:card\" content=\"summary_large_image\" \/>\n<script type=\"application\/ld+json\" class=\"yoast-schema-graph\">{\"@context\":\"https:\\\/\\\/schema.org\",\"@graph\":[{\"@type\":\"WebPage\",\"@id\":\"https:\\\/\\\/pl.gigroup.com\\\/ru\\\/o-kompanii-gi-group\\\/\",\"url\":\"https:\\\/\\\/pl.gigroup.com\\\/ru\\\/o-kompanii-gi-group\\\/\",\"name\":\"\u041e \u043a\u043e\u043c\u043f\u0430\u043d\u0438\u0438 - Gi Group Poland\",\"isPartOf\":{\"@id\":\"https:\\\/\\\/pl.gigroup.com\\\/#website\"},\"primaryImageOfPage\":{\"@id\":\"https:\\\/\\\/pl.gigroup.com\\\/ru\\\/o-kompanii-gi-group\\\/#primaryimage\"},\"image\":{\"@id\":\"https:\\\/\\\/pl.gigroup.com\\\/ru\\\/o-kompanii-gi-group\\\/#primaryimage\"},\"thumbnailUrl\":\"https:\\\/\\\/pl.gigroup.com\\\/wp-content\\\/uploads\\\/sites\\\/15\\\/header-about-us.webp\",\"datePublished\":\"2024-12-23T13:49:52+00:00\",\"dateModified\":\"2025-07-31T13:27:25+00:00\",\"description\":\"\u0412\u044b \u0438\u0449\u0435\u0442\u0435 \u043f\u043e\u0434\u0445\u043e\u0434\u044f\u0449\u0443\u044e \u0440\u0430\u0431\u043e\u0442\u0443 \u0438\u043b\u0438 \u0438\u0434\u0435\u0430\u043b\u044c\u043d\u043e\u0435 \u0440\u0435\u0448\u0435\u043d\u0438\u0435 \u0434\u043b\u044f \u0432\u0430\u0448\u0435\u0433\u043e \u0431\u0438\u0437\u043d\u0435\u0441\u0430? \u041c\u044b \u0437\u0434\u0435\u0441\u044c, \u0447\u0442\u043e\u0431\u044b \u043f\u043e\u0434\u0434\u0435\u0440\u0436\u0430\u0442\u044c \u0432\u0430\u0441 \u0432 \u0434\u043e\u0441\u0442\u0438\u0436\u0435\u043d\u0438\u0438 \u0432\u0430\u0448\u0438\u0445 \u0446\u0435\u043b\u0435\u0439.\",\"breadcrumb\":{\"@id\":\"https:\\\/\\\/pl.gigroup.com\\\/ru\\\/o-kompanii-gi-group\\\/#breadcrumb\"},\"inLanguage\":\"uk-UA\",\"potentialAction\":[{\"@type\":\"ReadAction\",\"target\":[\"https:\\\/\\\/pl.gigroup.com\\\/ru\\\/o-kompanii-gi-group\\\/\"]}]},{\"@type\":\"ImageObject\",\"inLanguage\":\"uk-UA\",\"@id\":\"https:\\\/\\\/pl.gigroup.com\\\/ru\\\/o-kompanii-gi-group\\\/#primaryimage\",\"url\":\"https:\\\/\\\/pl.gigroup.com\\\/wp-content\\\/uploads\\\/sites\\\/15\\\/header-about-us.webp\",\"contentUrl\":\"https:\\\/\\\/pl.gigroup.com\\\/wp-content\\\/uploads\\\/sites\\\/15\\\/header-about-us.webp\",\"width\":900,\"height\":600,\"caption\":\"\u041e\u043f\u0435\u0440\u0430\u0442\u043e\u0440 \u0441\u043a\u043b\u0430\u0434\u0430 \u043f\u043e \u0441\u043a\u0430\u043d\u0438\u0440\u043e\u0432\u0430\u043d\u0438\u044e \u0442\u043e\u0432\u0430\u0440\u0430 - Gi Group\"},{\"@type\":\"BreadcrumbList\",\"@id\":\"https:\\\/\\\/pl.gigroup.com\\\/ru\\\/o-kompanii-gi-group\\\/#breadcrumb\",\"itemListElement\":[{\"@type\":\"ListItem\",\"position\":1,\"name\":\"Home\",\"item\":\"https:\\\/\\\/pl.gigroup.com\\\/ru\\\/\"},{\"@type\":\"ListItem\",\"position\":2,\"name\":\"\u041e \u043a\u043e\u043c\u043f\u0430\u043d\u0438\u0438 Gi Group\"}]},{\"@type\":\"WebSite\",\"@id\":\"https:\\\/\\\/pl.gigroup.com\\\/#website\",\"url\":\"https:\\\/\\\/pl.gigroup.com\\\/\",\"name\":\"Gi Group Poland\",\"description\":\"Gi Group oferuje us\u0142ugi pracy tymczasowej, rekrutacji sta\u0142ych oraz outsourcingu dla r\u00f3\u017cnych sektor\u00f3w. Odwied\u017a nasz\u0105 stron\u0119 internetow\u0105 i dowiedz si\u0119 wi\u0119cej!\",\"potentialAction\":[{\"@type\":\"SearchAction\",\"target\":{\"@type\":\"EntryPoint\",\"urlTemplate\":\"https:\\\/\\\/pl.gigroup.com\\\/?s={search_term_string}\"},\"query-input\":{\"@type\":\"PropertyValueSpecification\",\"valueRequired\":true,\"valueName\":\"search_term_string\"}}],\"inLanguage\":\"uk-UA\"}]}<\/script>\n<!-- \/ Yoast SEO Premium plugin. -->","yoast_head_json":{"title":"\u041e \u043a\u043e\u043c\u043f\u0430\u043d\u0438\u0438 - Gi Group Poland","description":"\u0412\u044b \u0438\u0449\u0435\u0442\u0435 \u043f\u043e\u0434\u0445\u043e\u0434\u044f\u0449\u0443\u044e \u0440\u0430\u0431\u043e\u0442\u0443 \u0438\u043b\u0438 \u0438\u0434\u0435\u0430\u043b\u044c\u043d\u043e\u0435 \u0440\u0435\u0448\u0435\u043d\u0438\u0435 \u0434\u043b\u044f \u0432\u0430\u0448\u0435\u0433\u043e \u0431\u0438\u0437\u043d\u0435\u0441\u0430? \u041c\u044b \u0437\u0434\u0435\u0441\u044c, \u0447\u0442\u043e\u0431\u044b \u043f\u043e\u0434\u0434\u0435\u0440\u0436\u0430\u0442\u044c \u0432\u0430\u0441 \u0432 \u0434\u043e\u0441\u0442\u0438\u0436\u0435\u043d\u0438\u0438 \u0432\u0430\u0448\u0438\u0445 \u0446\u0435\u043b\u0435\u0439.","robots":{"index":"index","follow":"follow","max-snippet":"max-snippet:-1","max-image-preview":"max-image-preview:large","max-video-preview":"max-video-preview:-1"},"canonical":"https:\/\/pl.gigroup.com\/ru\/o-kompanii-gi-group\/","og_locale":"uk_UA","og_type":"article","og_title":"\u041e \u043a\u043e\u043c\u043f\u0430\u043d\u0438\u0438 Gi Group","og_description":"\u0412\u044b \u0438\u0449\u0435\u0442\u0435 \u043f\u043e\u0434\u0445\u043e\u0434\u044f\u0449\u0443\u044e \u0440\u0430\u0431\u043e\u0442\u0443 \u0438\u043b\u0438 \u0438\u0434\u0435\u0430\u043b\u044c\u043d\u043e\u0435 \u0440\u0435\u0448\u0435\u043d\u0438\u0435 \u0434\u043b\u044f \u0432\u0430\u0448\u0435\u0433\u043e \u0431\u0438\u0437\u043d\u0435\u0441\u0430? \u041c\u044b \u0437\u0434\u0435\u0441\u044c, \u0447\u0442\u043e\u0431\u044b \u043f\u043e\u0434\u0434\u0435\u0440\u0436\u0430\u0442\u044c \u0432\u0430\u0441 \u0432 \u0434\u043e\u0441\u0442\u0438\u0436\u0435\u043d\u0438\u0438 \u0432\u0430\u0448\u0438\u0445 \u0446\u0435\u043b\u0435\u0439.","og_url":"https:\/\/pl.gigroup.com\/ru\/o-kompanii-gi-group\/","og_site_name":"Gi Group Poland","article_modified_time":"2025-07-31T13:27:25+00:00","og_image":[{"width":900,"height":600,"url":"https:\/\/pl.gigroup.com\/wp-content\/uploads\/sites\/15\/header-about-us.webp","type":"image\/webp"}],"twitter_card":"summary_large_image","schema":{"@context":"https:\/\/schema.org","@graph":[{"@type":"WebPage","@id":"https:\/\/pl.gigroup.com\/ru\/o-kompanii-gi-group\/","url":"https:\/\/pl.gigroup.com\/ru\/o-kompanii-gi-group\/","name":"\u041e \u043a\u043e\u043c\u043f\u0430\u043d\u0438\u0438 - Gi Group Poland","isPartOf":{"@id":"https:\/\/pl.gigroup.com\/#website"},"primaryImageOfPage":{"@id":"https:\/\/pl.gigroup.com\/ru\/o-kompanii-gi-group\/#primaryimage"},"image":{"@id":"https:\/\/pl.gigroup.com\/ru\/o-kompanii-gi-group\/#primaryimage"},"thumbnailUrl":"https:\/\/pl.gigroup.com\/wp-content\/uploads\/sites\/15\/header-about-us.webp","datePublished":"2024-12-23T13:49:52+00:00","dateModified":"2025-07-31T13:27:25+00:00","description":"\u0412\u044b \u0438\u0449\u0435\u0442\u0435 \u043f\u043e\u0434\u0445\u043e\u0434\u044f\u0449\u0443\u044e \u0440\u0430\u0431\u043e\u0442\u0443 \u0438\u043b\u0438 \u0438\u0434\u0435\u0430\u043b\u044c\u043d\u043e\u0435 \u0440\u0435\u0448\u0435\u043d\u0438\u0435 \u0434\u043b\u044f \u0432\u0430\u0448\u0435\u0433\u043e \u0431\u0438\u0437\u043d\u0435\u0441\u0430? \u041c\u044b \u0437\u0434\u0435\u0441\u044c, \u0447\u0442\u043e\u0431\u044b \u043f\u043e\u0434\u0434\u0435\u0440\u0436\u0430\u0442\u044c \u0432\u0430\u0441 \u0432 \u0434\u043e\u0441\u0442\u0438\u0436\u0435\u043d\u0438\u0438 \u0432\u0430\u0448\u0438\u0445 \u0446\u0435\u043b\u0435\u0439.","breadcrumb":{"@id":"https:\/\/pl.gigroup.com\/ru\/o-kompanii-gi-group\/#breadcrumb"},"inLanguage":"uk-UA","potentialAction":[{"@type":"ReadAction","target":["https:\/\/pl.gigroup.com\/ru\/o-kompanii-gi-group\/"]}]},{"@type":"ImageObject","inLanguage":"uk-UA","@id":"https:\/\/pl.gigroup.com\/ru\/o-kompanii-gi-group\/#primaryimage","url":"https:\/\/pl.gigroup.com\/wp-content\/uploads\/sites\/15\/header-about-us.webp","contentUrl":"https:\/\/pl.gigroup.com\/wp-content\/uploads\/sites\/15\/header-about-us.webp","width":900,"height":600,"caption":"\u041e\u043f\u0435\u0440\u0430\u0442\u043e\u0440 \u0441\u043a\u043b\u0430\u0434\u0430 \u043f\u043e \u0441\u043a\u0430\u043d\u0438\u0440\u043e\u0432\u0430\u043d\u0438\u044e \u0442\u043e\u0432\u0430\u0440\u0430 - Gi Group"},{"@type":"BreadcrumbList","@id":"https:\/\/pl.gigroup.com\/ru\/o-kompanii-gi-group\/#breadcrumb","itemListElement":[{"@type":"ListItem","position":1,"name":"Home","item":"https:\/\/pl.gigroup.com\/ru\/"},{"@type":"ListItem","position":2,"name":"\u041e \u043a\u043e\u043c\u043f\u0430\u043d\u0438\u0438 Gi Group"}]},{"@type":"WebSite","@id":"https:\/\/pl.gigroup.com\/#website","url":"https:\/\/pl.gigroup.com\/","name":"Gi Group Poland","description":"Gi Group oferuje us\u0142ugi pracy tymczasowej, rekrutacji sta\u0142ych oraz outsourcingu dla r\u00f3\u017cnych sektor\u00f3w. Odwied\u017a nasz\u0105 stron\u0119 internetow\u0105 i dowiedz si\u0119 wi\u0119cej!","potentialAction":[{"@type":"SearchAction","target":{"@type":"EntryPoint","urlTemplate":"https:\/\/pl.gigroup.com\/?s={search_term_string}"},"query-input":{"@type":"PropertyValueSpecification","valueRequired":true,"valueName":"search_term_string"}}],"inLanguage":"uk-UA"}]}},"_links":{"self":[{"href":"https:\/\/pl.gigroup.com\/ru\/wp-json\/wp\/v2\/pages\/168637","targetHints":{"allow":["GET"]}}],"collection":[{"href":"https:\/\/pl.gigroup.com\/ru\/wp-json\/wp\/v2\/pages"}],"about":[{"href":"https:\/\/pl.gigroup.com\/ru\/wp-json\/wp\/v2\/types\/page"}],"author":[{"embeddable":true,"href":"https:\/\/pl.gigroup.com\/ru\/wp-json\/wp\/v2\/users\/1"}],"replies":[{"embeddable":true,"href":"https:\/\/pl.gigroup.com\/ru\/wp-json\/wp\/v2\/comments?post=168637"}],"version-history":[{"count":6,"href":"https:\/\/pl.gigroup.com\/ru\/wp-json\/wp\/v2\/pages\/168637\/revisions"}],"predecessor-version":[{"id":169320,"href":"https:\/\/pl.gigroup.com\/ru\/wp-json\/wp\/v2\/pages\/168637\/revisions\/169320"}],"wp:featuredmedia":[{"embeddable":true,"href":"https:\/\/pl.gigroup.com\/ru\/wp-json\/wp\/v2\/media\/3620"}],"wp:attachment":[{"href":"https:\/\/pl.gigroup.com\/ru\/wp-json\/wp\/v2\/media?parent=168637"}],"curies":[{"name":"wp","href":"https:\/\/api.w.org\/{rel}","templated":true}]}}