{"id":168639,"date":"2024-12-20T18:02:25","date_gmt":"2024-12-20T17:02:25","guid":{"rendered":"https:\/\/pl.gigroup.com\/home\/"},"modified":"2026-04-29T20:20:42","modified_gmt":"2026-04-29T18:20:42","slug":"home","status":"publish","type":"page","link":"https:\/\/pl.gigroup.com\/ru\/","title":{"rendered":"Home"},"content":{"rendered":"","protected":false},"excerpt":{"rendered":"","protected":false},"author":1,"featured_media":3612,"parent":0,"menu_order":0,"comment_status":"closed","ping_status":"closed","template":"","meta":{"footnotes":""},"class_list":["post-168639","page","type-page","status-publish","has-post-thumbnail","hentry"],"yoast_head":"<!-- This site is optimized with the Yoast SEO Premium plugin v27.5 (Yoast SEO v27.5) - https:\/\/yoast.com\/product\/yoast-seo-premium-wordpress\/ -->\n<title>Gi Group, \u0432\u0430\u0448\u0430 \u0440\u0430\u0431\u043e\u0442\u0430 \u0438 \u043d\u0430\u0448\u0430 \u0440\u0430\u0431\u043e\u0442\u0430 - \u0440\u0430\u0431\u043e\u0442\u0430 \u043d\u0430 \u043f\u043e\u0441\u0442\u043e\u044f\u043d\u043d\u043e\u043c \u0434\u043e\u0433\u043e\u0432\u043e\u0440\u0435 \u0438 \u0432\u0440\u0435\u043c\u0435\u043d\u043d\u0430\u044f \u0440\u0430\u0431\u043e\u0442\u0430<\/title>\n<meta name=\"description\" content=\"Gi Group - \u043c\u0438\u0440\u043e\u0432\u043e\u0439 \u043b\u0438\u0434\u0435\u0440 \u0432 \u043e\u0431\u043b\u0430\u0441\u0442\u0438 \u0440\u0435\u043a\u0440\u0443\u0442\u0438\u043d\u0433\u0430, \u043f\u043e\u0434\u0431\u043e\u0440\u0430 \u043f\u0435\u0440\u0441\u043e\u043d\u0430\u043b\u0430 \u0438 HR-\u0440\u0435\u0448\u0435\u043d\u0438\u0439, \u043e\u043a\u0430\u0437\u044b\u0432\u0430\u044e\u0449\u0438\u0439 \u043f\u043e\u0434\u0434\u0435\u0440\u0436\u043a\u0443 \u043a\u043e\u043c\u043f\u0430\u043d\u0438\u044f\u043c \u0438 \u0441\u043e\u0442\u0440\u0443\u0434\u043d\u0438\u043a\u0430\u043c \u043f\u043e \u0432\u0441\u0435\u043c\u0443 \u043c\u0438\u0440\u0443.\" \/>\n<meta name=\"robots\" content=\"index, follow, max-snippet:-1, max-image-preview:large, max-video-preview:-1\" \/>\n<link rel=\"canonical\" href=\"https:\/\/pl.gigroup.com\/ru\/\" \/>\n<meta property=\"og:locale\" content=\"uk_UA\" \/>\n<meta property=\"og:type\" content=\"article\" \/>\n<meta property=\"og:title\" content=\"Home\" \/>\n<meta property=\"og:description\" content=\"Gi Group - \u043c\u0438\u0440\u043e\u0432\u043e\u0439 \u043b\u0438\u0434\u0435\u0440 \u0432 \u043e\u0431\u043b\u0430\u0441\u0442\u0438 \u0440\u0435\u043a\u0440\u0443\u0442\u0438\u043d\u0433\u0430, \u043f\u043e\u0434\u0431\u043e\u0440\u0430 \u043f\u0435\u0440\u0441\u043e\u043d\u0430\u043b\u0430 \u0438 HR-\u0440\u0435\u0448\u0435\u043d\u0438\u0439, \u043e\u043a\u0430\u0437\u044b\u0432\u0430\u044e\u0449\u0438\u0439 \u043f\u043e\u0434\u0434\u0435\u0440\u0436\u043a\u0443 \u043a\u043e\u043c\u043f\u0430\u043d\u0438\u044f\u043c \u0438 \u0441\u043e\u0442\u0440\u0443\u0434\u043d\u0438\u043a\u0430\u043c \u043f\u043e \u0432\u0441\u0435\u043c\u0443 \u043c\u0438\u0440\u0443.\" \/>\n<meta property=\"og:url\" content=\"https:\/\/pl.gigroup.com\/ru\/\" \/>\n<meta property=\"og:site_name\" content=\"Gi Group Poland\" \/>\n<meta property=\"article:modified_time\" content=\"2026-04-29T18:20:42+00:00\" \/>\n<meta property=\"og:image\" content=\"https:\/\/pl.gigroup.com\/wp-content\/uploads\/sites\/15\/home-permanent-staffing.webp\" \/>\n\t<meta property=\"og:image:width\" content=\"900\" \/>\n\t<meta property=\"og:image:height\" content=\"600\" \/>\n\t<meta property=\"og:image:type\" content=\"image\/webp\" \/>\n<meta name=\"twitter:card\" content=\"summary_large_image\" \/>\n<script type=\"application\/ld+json\" class=\"yoast-schema-graph\">{\"@context\":\"https:\\\/\\\/schema.org\",\"@graph\":[{\"@type\":\"WebPage\",\"@id\":\"https:\\\/\\\/pl.gigroup.com\\\/ru\\\/\",\"url\":\"https:\\\/\\\/pl.gigroup.com\\\/ru\\\/\",\"name\":\"Gi Group, \u0432\u0430\u0448\u0430 \u0440\u0430\u0431\u043e\u0442\u0430 \u0438 \u043d\u0430\u0448\u0430 \u0440\u0430\u0431\u043e\u0442\u0430 - \u0440\u0430\u0431\u043e\u0442\u0430 \u043d\u0430 \u043f\u043e\u0441\u0442\u043e\u044f\u043d\u043d\u043e\u043c \u0434\u043e\u0433\u043e\u0432\u043e\u0440\u0435 \u0438 \u0432\u0440\u0435\u043c\u0435\u043d\u043d\u0430\u044f \u0440\u0430\u0431\u043e\u0442\u0430\",\"isPartOf\":{\"@id\":\"https:\\\/\\\/pl.gigroup.com\\\/#website\"},\"primaryImageOfPage\":{\"@id\":\"https:\\\/\\\/pl.gigroup.com\\\/ru\\\/#primaryimage\"},\"image\":{\"@id\":\"https:\\\/\\\/pl.gigroup.com\\\/ru\\\/#primaryimage\"},\"thumbnailUrl\":\"https:\\\/\\\/pl.gigroup.com\\\/wp-content\\\/uploads\\\/sites\\\/15\\\/home-permanent-staffing.webp\",\"datePublished\":\"2024-12-20T17:02:25+00:00\",\"dateModified\":\"2026-04-29T18:20:42+00:00\",\"description\":\"Gi Group - \u043c\u0438\u0440\u043e\u0432\u043e\u0439 \u043b\u0438\u0434\u0435\u0440 \u0432 \u043e\u0431\u043b\u0430\u0441\u0442\u0438 \u0440\u0435\u043a\u0440\u0443\u0442\u0438\u043d\u0433\u0430, \u043f\u043e\u0434\u0431\u043e\u0440\u0430 \u043f\u0435\u0440\u0441\u043e\u043d\u0430\u043b\u0430 \u0438 HR-\u0440\u0435\u0448\u0435\u043d\u0438\u0439, \u043e\u043a\u0430\u0437\u044b\u0432\u0430\u044e\u0449\u0438\u0439 \u043f\u043e\u0434\u0434\u0435\u0440\u0436\u043a\u0443 \u043a\u043e\u043c\u043f\u0430\u043d\u0438\u044f\u043c \u0438 \u0441\u043e\u0442\u0440\u0443\u0434\u043d\u0438\u043a\u0430\u043c \u043f\u043e \u0432\u0441\u0435\u043c\u0443 \u043c\u0438\u0440\u0443.\",\"breadcrumb\":{\"@id\":\"https:\\\/\\\/pl.gigroup.com\\\/ru\\\/#breadcrumb\"},\"inLanguage\":\"uk-UA\",\"potentialAction\":[{\"@type\":\"ReadAction\",\"target\":[\"https:\\\/\\\/pl.gigroup.com\\\/ru\\\/\"]}]},{\"@type\":\"ImageObject\",\"inLanguage\":\"uk-UA\",\"@id\":\"https:\\\/\\\/pl.gigroup.com\\\/ru\\\/#primaryimage\",\"url\":\"https:\\\/\\\/pl.gigroup.com\\\/wp-content\\\/uploads\\\/sites\\\/15\\\/home-permanent-staffing.webp\",\"contentUrl\":\"https:\\\/\\\/pl.gigroup.com\\\/wp-content\\\/uploads\\\/sites\\\/15\\\/home-permanent-staffing.webp\",\"width\":900,\"height\":600,\"caption\":\"\u0416\u0435\u043d\u0449\u0438\u043d\u0430 \u0440\u0430\u0431\u043e\u0442\u0430\u0435\u0442 \u043d\u0430 \u043c\u0435\u0442\u0430\u043b\u043b\u043e\u043e\u0431\u0440\u0430\u0431\u0430\u0442\u044b\u0432\u0430\u044e\u0449\u0435\u043c \u0437\u0430\u0432\u043e\u0434\u0435 - Gi Group\"},{\"@type\":\"BreadcrumbList\",\"@id\":\"https:\\\/\\\/pl.gigroup.com\\\/ru\\\/#breadcrumb\",\"itemListElement\":[{\"@type\":\"ListItem\",\"position\":1,\"name\":\"Home\",\"item\":\"https:\\\/\\\/pl.gigroup.com\\\/ru\\\/\"},{\"@type\":\"ListItem\",\"position\":2,\"name\":\"Home\"}]},{\"@type\":\"WebSite\",\"@id\":\"https:\\\/\\\/pl.gigroup.com\\\/#website\",\"url\":\"https:\\\/\\\/pl.gigroup.com\\\/\",\"name\":\"Gi Group Poland\",\"description\":\"Gi Group oferuje us\u0142ugi pracy tymczasowej, rekrutacji sta\u0142ych oraz outsourcingu dla r\u00f3\u017cnych sektor\u00f3w. Odwied\u017a nasz\u0105 stron\u0119 internetow\u0105 i dowiedz si\u0119 wi\u0119cej!\",\"potentialAction\":[{\"@type\":\"SearchAction\",\"target\":{\"@type\":\"EntryPoint\",\"urlTemplate\":\"https:\\\/\\\/pl.gigroup.com\\\/?s={search_term_string}\"},\"query-input\":{\"@type\":\"PropertyValueSpecification\",\"valueRequired\":true,\"valueName\":\"search_term_string\"}}],\"inLanguage\":\"uk-UA\"}]}<\/script>\n<!-- \/ Yoast SEO Premium plugin. -->","yoast_head_json":{"title":"Gi Group, \u0432\u0430\u0448\u0430 \u0440\u0430\u0431\u043e\u0442\u0430 \u0438 \u043d\u0430\u0448\u0430 \u0440\u0430\u0431\u043e\u0442\u0430 - \u0440\u0430\u0431\u043e\u0442\u0430 \u043d\u0430 \u043f\u043e\u0441\u0442\u043e\u044f\u043d\u043d\u043e\u043c \u0434\u043e\u0433\u043e\u0432\u043e\u0440\u0435 \u0438 \u0432\u0440\u0435\u043c\u0435\u043d\u043d\u0430\u044f \u0440\u0430\u0431\u043e\u0442\u0430","description":"Gi Group - \u043c\u0438\u0440\u043e\u0432\u043e\u0439 \u043b\u0438\u0434\u0435\u0440 \u0432 \u043e\u0431\u043b\u0430\u0441\u0442\u0438 \u0440\u0435\u043a\u0440\u0443\u0442\u0438\u043d\u0433\u0430, \u043f\u043e\u0434\u0431\u043e\u0440\u0430 \u043f\u0435\u0440\u0441\u043e\u043d\u0430\u043b\u0430 \u0438 HR-\u0440\u0435\u0448\u0435\u043d\u0438\u0439, \u043e\u043a\u0430\u0437\u044b\u0432\u0430\u044e\u0449\u0438\u0439 \u043f\u043e\u0434\u0434\u0435\u0440\u0436\u043a\u0443 \u043a\u043e\u043c\u043f\u0430\u043d\u0438\u044f\u043c \u0438 \u0441\u043e\u0442\u0440\u0443\u0434\u043d\u0438\u043a\u0430\u043c \u043f\u043e \u0432\u0441\u0435\u043c\u0443 \u043c\u0438\u0440\u0443.","robots":{"index":"index","follow":"follow","max-snippet":"max-snippet:-1","max-image-preview":"max-image-preview:large","max-video-preview":"max-video-preview:-1"},"canonical":"https:\/\/pl.gigroup.com\/ru\/","og_locale":"uk_UA","og_type":"article","og_title":"Home","og_description":"Gi Group - \u043c\u0438\u0440\u043e\u0432\u043e\u0439 \u043b\u0438\u0434\u0435\u0440 \u0432 \u043e\u0431\u043b\u0430\u0441\u0442\u0438 \u0440\u0435\u043a\u0440\u0443\u0442\u0438\u043d\u0433\u0430, \u043f\u043e\u0434\u0431\u043e\u0440\u0430 \u043f\u0435\u0440\u0441\u043e\u043d\u0430\u043b\u0430 \u0438 HR-\u0440\u0435\u0448\u0435\u043d\u0438\u0439, \u043e\u043a\u0430\u0437\u044b\u0432\u0430\u044e\u0449\u0438\u0439 \u043f\u043e\u0434\u0434\u0435\u0440\u0436\u043a\u0443 \u043a\u043e\u043c\u043f\u0430\u043d\u0438\u044f\u043c \u0438 \u0441\u043e\u0442\u0440\u0443\u0434\u043d\u0438\u043a\u0430\u043c \u043f\u043e \u0432\u0441\u0435\u043c\u0443 \u043c\u0438\u0440\u0443.","og_url":"https:\/\/pl.gigroup.com\/ru\/","og_site_name":"Gi Group Poland","article_modified_time":"2026-04-29T18:20:42+00:00","og_image":[{"width":900,"height":600,"url":"https:\/\/pl.gigroup.com\/wp-content\/uploads\/sites\/15\/home-permanent-staffing.webp","type":"image\/webp"}],"twitter_card":"summary_large_image","schema":{"@context":"https:\/\/schema.org","@graph":[{"@type":"WebPage","@id":"https:\/\/pl.gigroup.com\/ru\/","url":"https:\/\/pl.gigroup.com\/ru\/","name":"Gi Group, \u0432\u0430\u0448\u0430 \u0440\u0430\u0431\u043e\u0442\u0430 \u0438 \u043d\u0430\u0448\u0430 \u0440\u0430\u0431\u043e\u0442\u0430 - \u0440\u0430\u0431\u043e\u0442\u0430 \u043d\u0430 \u043f\u043e\u0441\u0442\u043e\u044f\u043d\u043d\u043e\u043c \u0434\u043e\u0433\u043e\u0432\u043e\u0440\u0435 \u0438 \u0432\u0440\u0435\u043c\u0435\u043d\u043d\u0430\u044f \u0440\u0430\u0431\u043e\u0442\u0430","isPartOf":{"@id":"https:\/\/pl.gigroup.com\/#website"},"primaryImageOfPage":{"@id":"https:\/\/pl.gigroup.com\/ru\/#primaryimage"},"image":{"@id":"https:\/\/pl.gigroup.com\/ru\/#primaryimage"},"thumbnailUrl":"https:\/\/pl.gigroup.com\/wp-content\/uploads\/sites\/15\/home-permanent-staffing.webp","datePublished":"2024-12-20T17:02:25+00:00","dateModified":"2026-04-29T18:20:42+00:00","description":"Gi Group - \u043c\u0438\u0440\u043e\u0432\u043e\u0439 \u043b\u0438\u0434\u0435\u0440 \u0432 \u043e\u0431\u043b\u0430\u0441\u0442\u0438 \u0440\u0435\u043a\u0440\u0443\u0442\u0438\u043d\u0433\u0430, \u043f\u043e\u0434\u0431\u043e\u0440\u0430 \u043f\u0435\u0440\u0441\u043e\u043d\u0430\u043b\u0430 \u0438 HR-\u0440\u0435\u0448\u0435\u043d\u0438\u0439, \u043e\u043a\u0430\u0437\u044b\u0432\u0430\u044e\u0449\u0438\u0439 \u043f\u043e\u0434\u0434\u0435\u0440\u0436\u043a\u0443 \u043a\u043e\u043c\u043f\u0430\u043d\u0438\u044f\u043c \u0438 \u0441\u043e\u0442\u0440\u0443\u0434\u043d\u0438\u043a\u0430\u043c \u043f\u043e \u0432\u0441\u0435\u043c\u0443 \u043c\u0438\u0440\u0443.","breadcrumb":{"@id":"https:\/\/pl.gigroup.com\/ru\/#breadcrumb"},"inLanguage":"uk-UA","potentialAction":[{"@type":"ReadAction","target":["https:\/\/pl.gigroup.com\/ru\/"]}]},{"@type":"ImageObject","inLanguage":"uk-UA","@id":"https:\/\/pl.gigroup.com\/ru\/#primaryimage","url":"https:\/\/pl.gigroup.com\/wp-content\/uploads\/sites\/15\/home-permanent-staffing.webp","contentUrl":"https:\/\/pl.gigroup.com\/wp-content\/uploads\/sites\/15\/home-permanent-staffing.webp","width":900,"height":600,"caption":"\u0416\u0435\u043d\u0449\u0438\u043d\u0430 \u0440\u0430\u0431\u043e\u0442\u0430\u0435\u0442 \u043d\u0430 \u043c\u0435\u0442\u0430\u043b\u043b\u043e\u043e\u0431\u0440\u0430\u0431\u0430\u0442\u044b\u0432\u0430\u044e\u0449\u0435\u043c \u0437\u0430\u0432\u043e\u0434\u0435 - Gi Group"},{"@type":"BreadcrumbList","@id":"https:\/\/pl.gigroup.com\/ru\/#breadcrumb","itemListElement":[{"@type":"ListItem","position":1,"name":"Home","item":"https:\/\/pl.gigroup.com\/ru\/"},{"@type":"ListItem","position":2,"name":"Home"}]},{"@type":"WebSite","@id":"https:\/\/pl.gigroup.com\/#website","url":"https:\/\/pl.gigroup.com\/","name":"Gi Group Poland","description":"Gi Group oferuje us\u0142ugi pracy tymczasowej, rekrutacji sta\u0142ych oraz outsourcingu dla r\u00f3\u017cnych sektor\u00f3w. Odwied\u017a nasz\u0105 stron\u0119 internetow\u0105 i dowiedz si\u0119 wi\u0119cej!","potentialAction":[{"@type":"SearchAction","target":{"@type":"EntryPoint","urlTemplate":"https:\/\/pl.gigroup.com\/?s={search_term_string}"},"query-input":{"@type":"PropertyValueSpecification","valueRequired":true,"valueName":"search_term_string"}}],"inLanguage":"uk-UA"}]}},"_links":{"self":[{"href":"https:\/\/pl.gigroup.com\/ru\/wp-json\/wp\/v2\/pages\/168639","targetHints":{"allow":["GET"]}}],"collection":[{"href":"https:\/\/pl.gigroup.com\/ru\/wp-json\/wp\/v2\/pages"}],"about":[{"href":"https:\/\/pl.gigroup.com\/ru\/wp-json\/wp\/v2\/types\/page"}],"author":[{"embeddable":true,"href":"https:\/\/pl.gigroup.com\/ru\/wp-json\/wp\/v2\/users\/1"}],"replies":[{"embeddable":true,"href":"https:\/\/pl.gigroup.com\/ru\/wp-json\/wp\/v2\/comments?post=168639"}],"version-history":[{"count":21,"href":"https:\/\/pl.gigroup.com\/ru\/wp-json\/wp\/v2\/pages\/168639\/revisions"}],"predecessor-version":[{"id":171919,"href":"https:\/\/pl.gigroup.com\/ru\/wp-json\/wp\/v2\/pages\/168639\/revisions\/171919"}],"wp:featuredmedia":[{"embeddable":true,"href":"https:\/\/pl.gigroup.com\/ru\/wp-json\/wp\/v2\/media\/3612"}],"wp:attachment":[{"href":"https:\/\/pl.gigroup.com\/ru\/wp-json\/wp\/v2\/media?parent=168639"}],"curies":[{"name":"wp","href":"https:\/\/api.w.org\/{rel}","templated":true}]}}