{"id":168670,"date":"2024-12-23T14:57:19","date_gmt":"2024-12-23T13:57:19","guid":{"rendered":"https:\/\/pl.gigroup.com\/current-vacancies\/"},"modified":"2026-04-29T20:14:33","modified_gmt":"2026-04-29T18:14:33","slug":"vakansii","status":"publish","type":"page","link":"https:\/\/pl.gigroup.com\/ru\/vakansii\/","title":{"rendered":"\u0412\u0430\u043a\u0430\u043d\u0441\u0438\u0438<!-- Job offers -->"},"content":{"rendered":"","protected":false},"excerpt":{"rendered":"","protected":false},"author":1,"featured_media":3508,"parent":0,"menu_order":0,"comment_status":"closed","ping_status":"closed","template":"","meta":{"footnotes":""},"class_list":["post-168670","page","type-page","status-publish","has-post-thumbnail","hentry"],"yoast_head":"<!-- This site is optimized with the Yoast SEO Premium plugin v27.4 (Yoast SEO v27.4) - https:\/\/yoast.com\/product\/yoast-seo-premium-wordpress\/ -->\n<title>\u041f\u043e\u0441\u043c\u043e\u0442\u0440\u0435\u0442\u044c \u0442\u0435\u043a\u0443\u0449\u0438\u0435 \u0432\u0430\u043a\u0430\u043d\u0441\u0438\u0438 - Gi Group Poland<\/title>\n<meta name=\"description\" content=\"\u041a\u0430\u043a\u0438\u043c \u0431\u0443\u0434\u0435\u0442 \u0432\u0430\u0448 \u0441\u043b\u0435\u0434\u0443\u044e\u0449\u0438\u0439 \u0448\u0430\u0433 \u0432 \u0440\u0430\u0437\u0432\u0438\u0442\u0438\u0438? \u041f\u0440\u043e\u0441\u043c\u043e\u0442\u0440\u0438\u0442\u0435 \u043f\u0440\u0435\u0434\u043b\u043e\u0436\u0435\u043d\u0438\u044f \u043e \u0440\u0430\u0431\u043e\u0442\u0435 \u0438 \u043d\u0430\u0439\u0434\u0438\u0442\u0435 \u043f\u0440\u0435\u0434\u043b\u043e\u0436\u0435\u043d\u0438\u0435, \u0441\u043e\u043e\u0442\u0432\u0435\u0442\u0441\u0442\u0432\u0443\u044e\u0449\u0435\u0435 \u0432\u0430\u0448\u0438\u043c \u043d\u0430\u0432\u044b\u043a\u0430\u043c \u0438 \u0446\u0435\u043b\u044f\u043c. \u0412\u043c\u0435\u0441\u0442\u0435 \u043c\u044b \u0441\u043e\u0437\u0434\u0430\u0434\u0438\u043c \u0432\u0430\u0448\u0443 \u043f\u0440\u043e\u0444\u0435\u0441\u0441\u0438\u043e\u043d\u0430\u043b\u044c\u043d\u0443\u044e \u0438\u0441\u0442\u043e\u0440\u0438\u044e.\" \/>\n<meta name=\"robots\" content=\"index, follow, max-snippet:-1, max-image-preview:large, max-video-preview:-1\" \/>\n<link rel=\"canonical\" href=\"https:\/\/pl.gigroup.com\/ru\/vakansii\/\" \/>\n<meta property=\"og:locale\" content=\"uk_UA\" \/>\n<meta property=\"og:type\" content=\"article\" \/>\n<meta property=\"og:title\" content=\"\u0412\u0430\u043a\u0430\u043d\u0441\u0438\u0438\" \/>\n<meta property=\"og:description\" content=\"\u041a\u0430\u043a\u0438\u043c \u0431\u0443\u0434\u0435\u0442 \u0432\u0430\u0448 \u0441\u043b\u0435\u0434\u0443\u044e\u0449\u0438\u0439 \u0448\u0430\u0433 \u0432 \u0440\u0430\u0437\u0432\u0438\u0442\u0438\u0438? \u041f\u0440\u043e\u0441\u043c\u043e\u0442\u0440\u0438\u0442\u0435 \u043f\u0440\u0435\u0434\u043b\u043e\u0436\u0435\u043d\u0438\u044f \u043e \u0440\u0430\u0431\u043e\u0442\u0435 \u0438 \u043d\u0430\u0439\u0434\u0438\u0442\u0435 \u043f\u0440\u0435\u0434\u043b\u043e\u0436\u0435\u043d\u0438\u0435, \u0441\u043e\u043e\u0442\u0432\u0435\u0442\u0441\u0442\u0432\u0443\u044e\u0449\u0435\u0435 \u0432\u0430\u0448\u0438\u043c \u043d\u0430\u0432\u044b\u043a\u0430\u043c \u0438 \u0446\u0435\u043b\u044f\u043c. \u0412\u043c\u0435\u0441\u0442\u0435 \u043c\u044b \u0441\u043e\u0437\u0434\u0430\u0434\u0438\u043c \u0432\u0430\u0448\u0443 \u043f\u0440\u043e\u0444\u0435\u0441\u0441\u0438\u043e\u043d\u0430\u043b\u044c\u043d\u0443\u044e \u0438\u0441\u0442\u043e\u0440\u0438\u044e.\" \/>\n<meta property=\"og:url\" content=\"https:\/\/pl.gigroup.com\/ru\/vakansii\/\" \/>\n<meta property=\"og:site_name\" content=\"Gi Group Poland\" \/>\n<meta property=\"article:modified_time\" content=\"2026-04-29T18:14:33+00:00\" \/>\n<meta property=\"og:image\" content=\"https:\/\/pl.gigroup.com\/wp-content\/uploads\/sites\/15\/gi-group-logo-696x696-1.jpg\" \/>\n\t<meta property=\"og:image:width\" content=\"696\" \/>\n\t<meta property=\"og:image:height\" content=\"696\" \/>\n\t<meta property=\"og:image:type\" content=\"image\/jpeg\" \/>\n<meta name=\"twitter:card\" content=\"summary_large_image\" \/>\n<script type=\"application\/ld+json\" class=\"yoast-schema-graph\">{\"@context\":\"https:\\\/\\\/schema.org\",\"@graph\":[{\"@type\":\"WebPage\",\"@id\":\"https:\\\/\\\/pl.gigroup.com\\\/ru\\\/vakansii\\\/\",\"url\":\"https:\\\/\\\/pl.gigroup.com\\\/ru\\\/vakansii\\\/\",\"name\":\"\u041f\u043e\u0441\u043c\u043e\u0442\u0440\u0435\u0442\u044c \u0442\u0435\u043a\u0443\u0449\u0438\u0435 \u0432\u0430\u043a\u0430\u043d\u0441\u0438\u0438 - Gi Group Poland\",\"isPartOf\":{\"@id\":\"https:\\\/\\\/pl.gigroup.com\\\/#website\"},\"primaryImageOfPage\":{\"@id\":\"https:\\\/\\\/pl.gigroup.com\\\/ru\\\/vakansii\\\/#primaryimage\"},\"image\":{\"@id\":\"https:\\\/\\\/pl.gigroup.com\\\/ru\\\/vakansii\\\/#primaryimage\"},\"thumbnailUrl\":\"https:\\\/\\\/pl.gigroup.com\\\/wp-content\\\/uploads\\\/sites\\\/15\\\/gi-group-logo-696x696-1.jpg\",\"datePublished\":\"2024-12-23T13:57:19+00:00\",\"dateModified\":\"2026-04-29T18:14:33+00:00\",\"description\":\"\u041a\u0430\u043a\u0438\u043c \u0431\u0443\u0434\u0435\u0442 \u0432\u0430\u0448 \u0441\u043b\u0435\u0434\u0443\u044e\u0449\u0438\u0439 \u0448\u0430\u0433 \u0432 \u0440\u0430\u0437\u0432\u0438\u0442\u0438\u0438? \u041f\u0440\u043e\u0441\u043c\u043e\u0442\u0440\u0438\u0442\u0435 \u043f\u0440\u0435\u0434\u043b\u043e\u0436\u0435\u043d\u0438\u044f \u043e \u0440\u0430\u0431\u043e\u0442\u0435 \u0438 \u043d\u0430\u0439\u0434\u0438\u0442\u0435 \u043f\u0440\u0435\u0434\u043b\u043e\u0436\u0435\u043d\u0438\u0435, \u0441\u043e\u043e\u0442\u0432\u0435\u0442\u0441\u0442\u0432\u0443\u044e\u0449\u0435\u0435 \u0432\u0430\u0448\u0438\u043c \u043d\u0430\u0432\u044b\u043a\u0430\u043c \u0438 \u0446\u0435\u043b\u044f\u043c. \u0412\u043c\u0435\u0441\u0442\u0435 \u043c\u044b \u0441\u043e\u0437\u0434\u0430\u0434\u0438\u043c \u0432\u0430\u0448\u0443 \u043f\u0440\u043e\u0444\u0435\u0441\u0441\u0438\u043e\u043d\u0430\u043b\u044c\u043d\u0443\u044e \u0438\u0441\u0442\u043e\u0440\u0438\u044e.\",\"breadcrumb\":{\"@id\":\"https:\\\/\\\/pl.gigroup.com\\\/ru\\\/vakansii\\\/#breadcrumb\"},\"inLanguage\":\"uk-UA\",\"potentialAction\":[{\"@type\":\"ReadAction\",\"target\":[\"https:\\\/\\\/pl.gigroup.com\\\/ru\\\/vakansii\\\/\"]}]},{\"@type\":\"ImageObject\",\"inLanguage\":\"uk-UA\",\"@id\":\"https:\\\/\\\/pl.gigroup.com\\\/ru\\\/vakansii\\\/#primaryimage\",\"url\":\"https:\\\/\\\/pl.gigroup.com\\\/wp-content\\\/uploads\\\/sites\\\/15\\\/gi-group-logo-696x696-1.jpg\",\"contentUrl\":\"https:\\\/\\\/pl.gigroup.com\\\/wp-content\\\/uploads\\\/sites\\\/15\\\/gi-group-logo-696x696-1.jpg\",\"width\":696,\"height\":696,\"caption\":\"\u0412\u0440\u0435\u043c\u0435\u043d\u043d\u044b\u0435 \u0438 \u043f\u043e\u0441\u0442\u043e\u044f\u043d\u043d\u044b\u0435 \u0432\u0430\u043a\u0430\u043d\u0441\u0438\u0438 Gi Group\"},{\"@type\":\"BreadcrumbList\",\"@id\":\"https:\\\/\\\/pl.gigroup.com\\\/ru\\\/vakansii\\\/#breadcrumb\",\"itemListElement\":[{\"@type\":\"ListItem\",\"position\":1,\"name\":\"Home\",\"item\":\"https:\\\/\\\/pl.gigroup.com\\\/ru\\\/\"},{\"@type\":\"ListItem\",\"position\":2,\"name\":\"\u0412\u0430\u043a\u0430\u043d\u0441\u0438\u0438\"}]},{\"@type\":\"WebSite\",\"@id\":\"https:\\\/\\\/pl.gigroup.com\\\/#website\",\"url\":\"https:\\\/\\\/pl.gigroup.com\\\/\",\"name\":\"Gi Group Poland\",\"description\":\"Gi Group oferuje us\u0142ugi pracy tymczasowej, rekrutacji sta\u0142ych oraz outsourcingu dla r\u00f3\u017cnych sektor\u00f3w. Odwied\u017a nasz\u0105 stron\u0119 internetow\u0105 i dowiedz si\u0119 wi\u0119cej!\",\"potentialAction\":[{\"@type\":\"SearchAction\",\"target\":{\"@type\":\"EntryPoint\",\"urlTemplate\":\"https:\\\/\\\/pl.gigroup.com\\\/?s={search_term_string}\"},\"query-input\":{\"@type\":\"PropertyValueSpecification\",\"valueRequired\":true,\"valueName\":\"search_term_string\"}}],\"inLanguage\":\"uk-UA\"}]}<\/script>\n<!-- \/ Yoast SEO Premium plugin. -->","yoast_head_json":{"title":"\u041f\u043e\u0441\u043c\u043e\u0442\u0440\u0435\u0442\u044c \u0442\u0435\u043a\u0443\u0449\u0438\u0435 \u0432\u0430\u043a\u0430\u043d\u0441\u0438\u0438 - Gi Group Poland","description":"\u041a\u0430\u043a\u0438\u043c \u0431\u0443\u0434\u0435\u0442 \u0432\u0430\u0448 \u0441\u043b\u0435\u0434\u0443\u044e\u0449\u0438\u0439 \u0448\u0430\u0433 \u0432 \u0440\u0430\u0437\u0432\u0438\u0442\u0438\u0438? \u041f\u0440\u043e\u0441\u043c\u043e\u0442\u0440\u0438\u0442\u0435 \u043f\u0440\u0435\u0434\u043b\u043e\u0436\u0435\u043d\u0438\u044f \u043e \u0440\u0430\u0431\u043e\u0442\u0435 \u0438 \u043d\u0430\u0439\u0434\u0438\u0442\u0435 \u043f\u0440\u0435\u0434\u043b\u043e\u0436\u0435\u043d\u0438\u0435, \u0441\u043e\u043e\u0442\u0432\u0435\u0442\u0441\u0442\u0432\u0443\u044e\u0449\u0435\u0435 \u0432\u0430\u0448\u0438\u043c \u043d\u0430\u0432\u044b\u043a\u0430\u043c \u0438 \u0446\u0435\u043b\u044f\u043c. \u0412\u043c\u0435\u0441\u0442\u0435 \u043c\u044b \u0441\u043e\u0437\u0434\u0430\u0434\u0438\u043c \u0432\u0430\u0448\u0443 \u043f\u0440\u043e\u0444\u0435\u0441\u0441\u0438\u043e\u043d\u0430\u043b\u044c\u043d\u0443\u044e \u0438\u0441\u0442\u043e\u0440\u0438\u044e.","robots":{"index":"index","follow":"follow","max-snippet":"max-snippet:-1","max-image-preview":"max-image-preview:large","max-video-preview":"max-video-preview:-1"},"canonical":"https:\/\/pl.gigroup.com\/ru\/vakansii\/","og_locale":"uk_UA","og_type":"article","og_title":"\u0412\u0430\u043a\u0430\u043d\u0441\u0438\u0438","og_description":"\u041a\u0430\u043a\u0438\u043c \u0431\u0443\u0434\u0435\u0442 \u0432\u0430\u0448 \u0441\u043b\u0435\u0434\u0443\u044e\u0449\u0438\u0439 \u0448\u0430\u0433 \u0432 \u0440\u0430\u0437\u0432\u0438\u0442\u0438\u0438? \u041f\u0440\u043e\u0441\u043c\u043e\u0442\u0440\u0438\u0442\u0435 \u043f\u0440\u0435\u0434\u043b\u043e\u0436\u0435\u043d\u0438\u044f \u043e \u0440\u0430\u0431\u043e\u0442\u0435 \u0438 \u043d\u0430\u0439\u0434\u0438\u0442\u0435 \u043f\u0440\u0435\u0434\u043b\u043e\u0436\u0435\u043d\u0438\u0435, \u0441\u043e\u043e\u0442\u0432\u0435\u0442\u0441\u0442\u0432\u0443\u044e\u0449\u0435\u0435 \u0432\u0430\u0448\u0438\u043c \u043d\u0430\u0432\u044b\u043a\u0430\u043c \u0438 \u0446\u0435\u043b\u044f\u043c. \u0412\u043c\u0435\u0441\u0442\u0435 \u043c\u044b \u0441\u043e\u0437\u0434\u0430\u0434\u0438\u043c \u0432\u0430\u0448\u0443 \u043f\u0440\u043e\u0444\u0435\u0441\u0441\u0438\u043e\u043d\u0430\u043b\u044c\u043d\u0443\u044e \u0438\u0441\u0442\u043e\u0440\u0438\u044e.","og_url":"https:\/\/pl.gigroup.com\/ru\/vakansii\/","og_site_name":"Gi Group Poland","article_modified_time":"2026-04-29T18:14:33+00:00","og_image":[{"width":696,"height":696,"url":"https:\/\/pl.gigroup.com\/wp-content\/uploads\/sites\/15\/gi-group-logo-696x696-1.jpg","type":"image\/jpeg"}],"twitter_card":"summary_large_image","schema":{"@context":"https:\/\/schema.org","@graph":[{"@type":"WebPage","@id":"https:\/\/pl.gigroup.com\/ru\/vakansii\/","url":"https:\/\/pl.gigroup.com\/ru\/vakansii\/","name":"\u041f\u043e\u0441\u043c\u043e\u0442\u0440\u0435\u0442\u044c \u0442\u0435\u043a\u0443\u0449\u0438\u0435 \u0432\u0430\u043a\u0430\u043d\u0441\u0438\u0438 - Gi Group Poland","isPartOf":{"@id":"https:\/\/pl.gigroup.com\/#website"},"primaryImageOfPage":{"@id":"https:\/\/pl.gigroup.com\/ru\/vakansii\/#primaryimage"},"image":{"@id":"https:\/\/pl.gigroup.com\/ru\/vakansii\/#primaryimage"},"thumbnailUrl":"https:\/\/pl.gigroup.com\/wp-content\/uploads\/sites\/15\/gi-group-logo-696x696-1.jpg","datePublished":"2024-12-23T13:57:19+00:00","dateModified":"2026-04-29T18:14:33+00:00","description":"\u041a\u0430\u043a\u0438\u043c \u0431\u0443\u0434\u0435\u0442 \u0432\u0430\u0448 \u0441\u043b\u0435\u0434\u0443\u044e\u0449\u0438\u0439 \u0448\u0430\u0433 \u0432 \u0440\u0430\u0437\u0432\u0438\u0442\u0438\u0438? \u041f\u0440\u043e\u0441\u043c\u043e\u0442\u0440\u0438\u0442\u0435 \u043f\u0440\u0435\u0434\u043b\u043e\u0436\u0435\u043d\u0438\u044f \u043e \u0440\u0430\u0431\u043e\u0442\u0435 \u0438 \u043d\u0430\u0439\u0434\u0438\u0442\u0435 \u043f\u0440\u0435\u0434\u043b\u043e\u0436\u0435\u043d\u0438\u0435, \u0441\u043e\u043e\u0442\u0432\u0435\u0442\u0441\u0442\u0432\u0443\u044e\u0449\u0435\u0435 \u0432\u0430\u0448\u0438\u043c \u043d\u0430\u0432\u044b\u043a\u0430\u043c \u0438 \u0446\u0435\u043b\u044f\u043c. \u0412\u043c\u0435\u0441\u0442\u0435 \u043c\u044b \u0441\u043e\u0437\u0434\u0430\u0434\u0438\u043c \u0432\u0430\u0448\u0443 \u043f\u0440\u043e\u0444\u0435\u0441\u0441\u0438\u043e\u043d\u0430\u043b\u044c\u043d\u0443\u044e \u0438\u0441\u0442\u043e\u0440\u0438\u044e.","breadcrumb":{"@id":"https:\/\/pl.gigroup.com\/ru\/vakansii\/#breadcrumb"},"inLanguage":"uk-UA","potentialAction":[{"@type":"ReadAction","target":["https:\/\/pl.gigroup.com\/ru\/vakansii\/"]}]},{"@type":"ImageObject","inLanguage":"uk-UA","@id":"https:\/\/pl.gigroup.com\/ru\/vakansii\/#primaryimage","url":"https:\/\/pl.gigroup.com\/wp-content\/uploads\/sites\/15\/gi-group-logo-696x696-1.jpg","contentUrl":"https:\/\/pl.gigroup.com\/wp-content\/uploads\/sites\/15\/gi-group-logo-696x696-1.jpg","width":696,"height":696,"caption":"\u0412\u0440\u0435\u043c\u0435\u043d\u043d\u044b\u0435 \u0438 \u043f\u043e\u0441\u0442\u043e\u044f\u043d\u043d\u044b\u0435 \u0432\u0430\u043a\u0430\u043d\u0441\u0438\u0438 Gi Group"},{"@type":"BreadcrumbList","@id":"https:\/\/pl.gigroup.com\/ru\/vakansii\/#breadcrumb","itemListElement":[{"@type":"ListItem","position":1,"name":"Home","item":"https:\/\/pl.gigroup.com\/ru\/"},{"@type":"ListItem","position":2,"name":"\u0412\u0430\u043a\u0430\u043d\u0441\u0438\u0438"}]},{"@type":"WebSite","@id":"https:\/\/pl.gigroup.com\/#website","url":"https:\/\/pl.gigroup.com\/","name":"Gi Group Poland","description":"Gi Group oferuje us\u0142ugi pracy tymczasowej, rekrutacji sta\u0142ych oraz outsourcingu dla r\u00f3\u017cnych sektor\u00f3w. Odwied\u017a nasz\u0105 stron\u0119 internetow\u0105 i dowiedz si\u0119 wi\u0119cej!","potentialAction":[{"@type":"SearchAction","target":{"@type":"EntryPoint","urlTemplate":"https:\/\/pl.gigroup.com\/?s={search_term_string}"},"query-input":{"@type":"PropertyValueSpecification","valueRequired":true,"valueName":"search_term_string"}}],"inLanguage":"uk-UA"}]}},"_links":{"self":[{"href":"https:\/\/pl.gigroup.com\/ru\/wp-json\/wp\/v2\/pages\/168670","targetHints":{"allow":["GET"]}}],"collection":[{"href":"https:\/\/pl.gigroup.com\/ru\/wp-json\/wp\/v2\/pages"}],"about":[{"href":"https:\/\/pl.gigroup.com\/ru\/wp-json\/wp\/v2\/types\/page"}],"author":[{"embeddable":true,"href":"https:\/\/pl.gigroup.com\/ru\/wp-json\/wp\/v2\/users\/1"}],"replies":[{"embeddable":true,"href":"https:\/\/pl.gigroup.com\/ru\/wp-json\/wp\/v2\/comments?post=168670"}],"version-history":[{"count":8,"href":"https:\/\/pl.gigroup.com\/ru\/wp-json\/wp\/v2\/pages\/168670\/revisions"}],"predecessor-version":[{"id":171917,"href":"https:\/\/pl.gigroup.com\/ru\/wp-json\/wp\/v2\/pages\/168670\/revisions\/171917"}],"wp:featuredmedia":[{"embeddable":true,"href":"https:\/\/pl.gigroup.com\/ru\/wp-json\/wp\/v2\/media\/3508"}],"wp:attachment":[{"href":"https:\/\/pl.gigroup.com\/ru\/wp-json\/wp\/v2\/media?parent=168670"}],"curies":[{"name":"wp","href":"https:\/\/api.w.org\/{rel}","templated":true}]}}