{"id":168928,"date":"2025-07-10T15:04:29","date_gmt":"2025-07-10T13:04:29","guid":{"rendered":"https:\/\/pl.gigroup.com\/dlya-sotrudnikov\/temporary-work-agreement\/"},"modified":"2026-03-17T17:49:47","modified_gmt":"2026-03-17T16:49:47","slug":"vremennyy-trudovoy-dogovor","status":"publish","type":"page","link":"https:\/\/pl.gigroup.com\/ru\/dlya-sotrudnikov\/vremennyy-trudovoy-dogovor\/","title":{"rendered":"Vremennyy trudovoy dogovor<!--Temporary work agreement-->"},"content":{"rendered":"","protected":false},"excerpt":{"rendered":"","protected":false},"author":1,"featured_media":3884,"parent":168881,"menu_order":0,"comment_status":"closed","ping_status":"closed","template":"","meta":{"footnotes":""},"class_list":["post-168928","page","type-page","status-publish","has-post-thumbnail","hentry"],"yoast_head":"<!-- This site is optimized with the Yoast SEO Premium plugin v27.4 (Yoast SEO v27.4) - https:\/\/yoast.com\/product\/yoast-seo-premium-wordpress\/ -->\n<title>\u0412\u0440\u0435\u043c\u0435\u043d\u043d\u044b\u0439 \u0442\u0440\u0443\u0434\u043e\u0432\u043e\u0439 \u0434\u043e\u0433\u043e\u0432\u043e\u0440 - Gi Group Poland<\/title>\n<meta name=\"description\" content=\"\u0412\u0440\u0435\u043c\u0435\u043d\u043d\u0430\u044f \u0440\u0430\u0431\u043e\u0442\u0430 \u043f\u0440\u0435\u0434\u043f\u043e\u043b\u0430\u0433\u0430\u0435\u0442 \u0432\u044b\u043f\u043e\u043b\u043d\u0435\u043d\u0438\u0435 \u043e\u0431\u044f\u0437\u0430\u043d\u043d\u043e\u0441\u0442\u0435\u0439 \u043d\u0430 \u043e\u043f\u0440\u0435\u0434\u0435\u043b\u0451\u043d\u043d\u043e\u0433\u043e \u0440\u0430\u0431\u043e\u0442\u043e\u0434\u0430\u0442\u0435\u043b\u044f \u0441\u0435\u0437\u043e\u043d\u043d\u043e, \u0432\u0440\u0435\u043c\u0435\u043d\u043d\u043e \u0438\u043b\u0438 \u0440\u0430\u0437\u043e\u0432\u043e. \u0410\u0433\u0435\u043d\u0442\u0441\u0442\u0432\u043e \u043f\u043e \u0442\u0440\u0443\u0434\u043e\u0443\u0441\u0442\u0440\u043e\u0439\u0441\u0442\u0432\u0443 \u043e\u0441\u0442\u0430\u0451\u0442\u0441\u044f \u0432\u0430\u0448\u0438\u043c \u043f\u0440\u044f\u043c\u044b\u043c \u0440\u0430\u0431\u043e\u0442\u043e\u0434\u0430\u0442\u0435\u043b\u0435\u043c.\" \/>\n<meta name=\"robots\" content=\"index, follow, max-snippet:-1, max-image-preview:large, max-video-preview:-1\" \/>\n<link rel=\"canonical\" href=\"https:\/\/pl.gigroup.com\/ru\/dlya-sotrudnikov\/vremennyy-trudovoy-dogovor\/\" \/>\n<meta property=\"og:locale\" content=\"uk_UA\" \/>\n<meta property=\"og:type\" content=\"article\" \/>\n<meta property=\"og:title\" content=\"Vremennyy trudovoy dogovor\" \/>\n<meta property=\"og:description\" content=\"\u0412\u0440\u0435\u043c\u0435\u043d\u043d\u0430\u044f \u0440\u0430\u0431\u043e\u0442\u0430 \u043f\u0440\u0435\u0434\u043f\u043e\u043b\u0430\u0433\u0430\u0435\u0442 \u0432\u044b\u043f\u043e\u043b\u043d\u0435\u043d\u0438\u0435 \u043e\u0431\u044f\u0437\u0430\u043d\u043d\u043e\u0441\u0442\u0435\u0439 \u043d\u0430 \u043e\u043f\u0440\u0435\u0434\u0435\u043b\u0451\u043d\u043d\u043e\u0433\u043e \u0440\u0430\u0431\u043e\u0442\u043e\u0434\u0430\u0442\u0435\u043b\u044f \u0441\u0435\u0437\u043e\u043d\u043d\u043e, \u0432\u0440\u0435\u043c\u0435\u043d\u043d\u043e \u0438\u043b\u0438 \u0440\u0430\u0437\u043e\u0432\u043e. \u0410\u0433\u0435\u043d\u0442\u0441\u0442\u0432\u043e \u043f\u043e \u0442\u0440\u0443\u0434\u043e\u0443\u0441\u0442\u0440\u043e\u0439\u0441\u0442\u0432\u0443 \u043e\u0441\u0442\u0430\u0451\u0442\u0441\u044f \u0432\u0430\u0448\u0438\u043c \u043f\u0440\u044f\u043c\u044b\u043c \u0440\u0430\u0431\u043e\u0442\u043e\u0434\u0430\u0442\u0435\u043b\u0435\u043c.\" \/>\n<meta property=\"og:url\" content=\"https:\/\/pl.gigroup.com\/ru\/dlya-sotrudnikov\/vremennyy-trudovoy-dogovor\/\" \/>\n<meta property=\"og:site_name\" content=\"Gi Group Poland\" \/>\n<meta property=\"article:modified_time\" content=\"2026-03-17T16:49:47+00:00\" \/>\n<meta property=\"og:image\" content=\"https:\/\/pl.gigroup.com\/wp-content\/uploads\/sites\/15\/worker-training.webp\" \/>\n\t<meta property=\"og:image:width\" content=\"900\" \/>\n\t<meta property=\"og:image:height\" content=\"600\" \/>\n\t<meta property=\"og:image:type\" content=\"image\/webp\" \/>\n<meta name=\"twitter:card\" content=\"summary_large_image\" \/>\n<script type=\"application\/ld+json\" class=\"yoast-schema-graph\">{\"@context\":\"https:\\\/\\\/schema.org\",\"@graph\":[{\"@type\":\"WebPage\",\"@id\":\"https:\\\/\\\/pl.gigroup.com\\\/ru\\\/dlya-sotrudnikov\\\/vremennyy-trudovoy-dogovor\\\/\",\"url\":\"https:\\\/\\\/pl.gigroup.com\\\/ru\\\/dlya-sotrudnikov\\\/vremennyy-trudovoy-dogovor\\\/\",\"name\":\"\u0412\u0440\u0435\u043c\u0435\u043d\u043d\u044b\u0439 \u0442\u0440\u0443\u0434\u043e\u0432\u043e\u0439 \u0434\u043e\u0433\u043e\u0432\u043e\u0440 - Gi Group Poland\",\"isPartOf\":{\"@id\":\"https:\\\/\\\/pl.gigroup.com\\\/#website\"},\"primaryImageOfPage\":{\"@id\":\"https:\\\/\\\/pl.gigroup.com\\\/ru\\\/dlya-sotrudnikov\\\/vremennyy-trudovoy-dogovor\\\/#primaryimage\"},\"image\":{\"@id\":\"https:\\\/\\\/pl.gigroup.com\\\/ru\\\/dlya-sotrudnikov\\\/vremennyy-trudovoy-dogovor\\\/#primaryimage\"},\"thumbnailUrl\":\"https:\\\/\\\/pl.gigroup.com\\\/wp-content\\\/uploads\\\/sites\\\/15\\\/worker-training.webp\",\"datePublished\":\"2025-07-10T13:04:29+00:00\",\"dateModified\":\"2026-03-17T16:49:47+00:00\",\"description\":\"\u0412\u0440\u0435\u043c\u0435\u043d\u043d\u0430\u044f \u0440\u0430\u0431\u043e\u0442\u0430 \u043f\u0440\u0435\u0434\u043f\u043e\u043b\u0430\u0433\u0430\u0435\u0442 \u0432\u044b\u043f\u043e\u043b\u043d\u0435\u043d\u0438\u0435 \u043e\u0431\u044f\u0437\u0430\u043d\u043d\u043e\u0441\u0442\u0435\u0439 \u043d\u0430 \u043e\u043f\u0440\u0435\u0434\u0435\u043b\u0451\u043d\u043d\u043e\u0433\u043e \u0440\u0430\u0431\u043e\u0442\u043e\u0434\u0430\u0442\u0435\u043b\u044f \u0441\u0435\u0437\u043e\u043d\u043d\u043e, \u0432\u0440\u0435\u043c\u0435\u043d\u043d\u043e \u0438\u043b\u0438 \u0440\u0430\u0437\u043e\u0432\u043e. \u0410\u0433\u0435\u043d\u0442\u0441\u0442\u0432\u043e \u043f\u043e \u0442\u0440\u0443\u0434\u043e\u0443\u0441\u0442\u0440\u043e\u0439\u0441\u0442\u0432\u0443 \u043e\u0441\u0442\u0430\u0451\u0442\u0441\u044f \u0432\u0430\u0448\u0438\u043c \u043f\u0440\u044f\u043c\u044b\u043c \u0440\u0430\u0431\u043e\u0442\u043e\u0434\u0430\u0442\u0435\u043b\u0435\u043c.\",\"breadcrumb\":{\"@id\":\"https:\\\/\\\/pl.gigroup.com\\\/ru\\\/dlya-sotrudnikov\\\/vremennyy-trudovoy-dogovor\\\/#breadcrumb\"},\"inLanguage\":\"uk-UA\",\"potentialAction\":[{\"@type\":\"ReadAction\",\"target\":[\"https:\\\/\\\/pl.gigroup.com\\\/ru\\\/dlya-sotrudnikov\\\/vremennyy-trudovoy-dogovor\\\/\"]}]},{\"@type\":\"ImageObject\",\"inLanguage\":\"uk-UA\",\"@id\":\"https:\\\/\\\/pl.gigroup.com\\\/ru\\\/dlya-sotrudnikov\\\/vremennyy-trudovoy-dogovor\\\/#primaryimage\",\"url\":\"https:\\\/\\\/pl.gigroup.com\\\/wp-content\\\/uploads\\\/sites\\\/15\\\/worker-training.webp\",\"contentUrl\":\"https:\\\/\\\/pl.gigroup.com\\\/wp-content\\\/uploads\\\/sites\\\/15\\\/worker-training.webp\",\"width\":900,\"height\":600,\"caption\":\"\u041e\u0431\u0443\u0447\u0435\u043d\u0438\u0435 \u0440\u0430\u0431\u043e\u0442\u043d\u0438\u043a\u043e\u0432\"},{\"@type\":\"BreadcrumbList\",\"@id\":\"https:\\\/\\\/pl.gigroup.com\\\/ru\\\/dlya-sotrudnikov\\\/vremennyy-trudovoy-dogovor\\\/#breadcrumb\",\"itemListElement\":[{\"@type\":\"ListItem\",\"position\":1,\"name\":\"Home\",\"item\":\"https:\\\/\\\/pl.gigroup.com\\\/ru\\\/\"},{\"@type\":\"ListItem\",\"position\":2,\"name\":\"\u0414\u043b\u044f \u0441\u043e\u0442\u0440\u0443\u0434\u043d\u0438\u043a\u043e\u0432\",\"item\":\"https:\\\/\\\/pl.gigroup.com\\\/ru\\\/dlya-sotrudnikov\\\/\"},{\"@type\":\"ListItem\",\"position\":3,\"name\":\"Vremennyy trudovoy dogovor\"}]},{\"@type\":\"WebSite\",\"@id\":\"https:\\\/\\\/pl.gigroup.com\\\/#website\",\"url\":\"https:\\\/\\\/pl.gigroup.com\\\/\",\"name\":\"Gi Group Poland\",\"description\":\"Gi Group oferuje us\u0142ugi pracy tymczasowej, rekrutacji sta\u0142ych oraz outsourcingu dla r\u00f3\u017cnych sektor\u00f3w. Odwied\u017a nasz\u0105 stron\u0119 internetow\u0105 i dowiedz si\u0119 wi\u0119cej!\",\"potentialAction\":[{\"@type\":\"SearchAction\",\"target\":{\"@type\":\"EntryPoint\",\"urlTemplate\":\"https:\\\/\\\/pl.gigroup.com\\\/?s={search_term_string}\"},\"query-input\":{\"@type\":\"PropertyValueSpecification\",\"valueRequired\":true,\"valueName\":\"search_term_string\"}}],\"inLanguage\":\"uk-UA\"}]}<\/script>\n<!-- \/ Yoast SEO Premium plugin. -->","yoast_head_json":{"title":"\u0412\u0440\u0435\u043c\u0435\u043d\u043d\u044b\u0439 \u0442\u0440\u0443\u0434\u043e\u0432\u043e\u0439 \u0434\u043e\u0433\u043e\u0432\u043e\u0440 - Gi Group Poland","description":"\u0412\u0440\u0435\u043c\u0435\u043d\u043d\u0430\u044f \u0440\u0430\u0431\u043e\u0442\u0430 \u043f\u0440\u0435\u0434\u043f\u043e\u043b\u0430\u0433\u0430\u0435\u0442 \u0432\u044b\u043f\u043e\u043b\u043d\u0435\u043d\u0438\u0435 \u043e\u0431\u044f\u0437\u0430\u043d\u043d\u043e\u0441\u0442\u0435\u0439 \u043d\u0430 \u043e\u043f\u0440\u0435\u0434\u0435\u043b\u0451\u043d\u043d\u043e\u0433\u043e \u0440\u0430\u0431\u043e\u0442\u043e\u0434\u0430\u0442\u0435\u043b\u044f \u0441\u0435\u0437\u043e\u043d\u043d\u043e, \u0432\u0440\u0435\u043c\u0435\u043d\u043d\u043e \u0438\u043b\u0438 \u0440\u0430\u0437\u043e\u0432\u043e. \u0410\u0433\u0435\u043d\u0442\u0441\u0442\u0432\u043e \u043f\u043e \u0442\u0440\u0443\u0434\u043e\u0443\u0441\u0442\u0440\u043e\u0439\u0441\u0442\u0432\u0443 \u043e\u0441\u0442\u0430\u0451\u0442\u0441\u044f \u0432\u0430\u0448\u0438\u043c \u043f\u0440\u044f\u043c\u044b\u043c \u0440\u0430\u0431\u043e\u0442\u043e\u0434\u0430\u0442\u0435\u043b\u0435\u043c.","robots":{"index":"index","follow":"follow","max-snippet":"max-snippet:-1","max-image-preview":"max-image-preview:large","max-video-preview":"max-video-preview:-1"},"canonical":"https:\/\/pl.gigroup.com\/ru\/dlya-sotrudnikov\/vremennyy-trudovoy-dogovor\/","og_locale":"uk_UA","og_type":"article","og_title":"Vremennyy trudovoy dogovor","og_description":"\u0412\u0440\u0435\u043c\u0435\u043d\u043d\u0430\u044f \u0440\u0430\u0431\u043e\u0442\u0430 \u043f\u0440\u0435\u0434\u043f\u043e\u043b\u0430\u0433\u0430\u0435\u0442 \u0432\u044b\u043f\u043e\u043b\u043d\u0435\u043d\u0438\u0435 \u043e\u0431\u044f\u0437\u0430\u043d\u043d\u043e\u0441\u0442\u0435\u0439 \u043d\u0430 \u043e\u043f\u0440\u0435\u0434\u0435\u043b\u0451\u043d\u043d\u043e\u0433\u043e \u0440\u0430\u0431\u043e\u0442\u043e\u0434\u0430\u0442\u0435\u043b\u044f \u0441\u0435\u0437\u043e\u043d\u043d\u043e, \u0432\u0440\u0435\u043c\u0435\u043d\u043d\u043e \u0438\u043b\u0438 \u0440\u0430\u0437\u043e\u0432\u043e. \u0410\u0433\u0435\u043d\u0442\u0441\u0442\u0432\u043e \u043f\u043e \u0442\u0440\u0443\u0434\u043e\u0443\u0441\u0442\u0440\u043e\u0439\u0441\u0442\u0432\u0443 \u043e\u0441\u0442\u0430\u0451\u0442\u0441\u044f \u0432\u0430\u0448\u0438\u043c \u043f\u0440\u044f\u043c\u044b\u043c \u0440\u0430\u0431\u043e\u0442\u043e\u0434\u0430\u0442\u0435\u043b\u0435\u043c.","og_url":"https:\/\/pl.gigroup.com\/ru\/dlya-sotrudnikov\/vremennyy-trudovoy-dogovor\/","og_site_name":"Gi Group Poland","article_modified_time":"2026-03-17T16:49:47+00:00","og_image":[{"width":900,"height":600,"url":"https:\/\/pl.gigroup.com\/wp-content\/uploads\/sites\/15\/worker-training.webp","type":"image\/webp"}],"twitter_card":"summary_large_image","schema":{"@context":"https:\/\/schema.org","@graph":[{"@type":"WebPage","@id":"https:\/\/pl.gigroup.com\/ru\/dlya-sotrudnikov\/vremennyy-trudovoy-dogovor\/","url":"https:\/\/pl.gigroup.com\/ru\/dlya-sotrudnikov\/vremennyy-trudovoy-dogovor\/","name":"\u0412\u0440\u0435\u043c\u0435\u043d\u043d\u044b\u0439 \u0442\u0440\u0443\u0434\u043e\u0432\u043e\u0439 \u0434\u043e\u0433\u043e\u0432\u043e\u0440 - Gi Group Poland","isPartOf":{"@id":"https:\/\/pl.gigroup.com\/#website"},"primaryImageOfPage":{"@id":"https:\/\/pl.gigroup.com\/ru\/dlya-sotrudnikov\/vremennyy-trudovoy-dogovor\/#primaryimage"},"image":{"@id":"https:\/\/pl.gigroup.com\/ru\/dlya-sotrudnikov\/vremennyy-trudovoy-dogovor\/#primaryimage"},"thumbnailUrl":"https:\/\/pl.gigroup.com\/wp-content\/uploads\/sites\/15\/worker-training.webp","datePublished":"2025-07-10T13:04:29+00:00","dateModified":"2026-03-17T16:49:47+00:00","description":"\u0412\u0440\u0435\u043c\u0435\u043d\u043d\u0430\u044f \u0440\u0430\u0431\u043e\u0442\u0430 \u043f\u0440\u0435\u0434\u043f\u043e\u043b\u0430\u0433\u0430\u0435\u0442 \u0432\u044b\u043f\u043e\u043b\u043d\u0435\u043d\u0438\u0435 \u043e\u0431\u044f\u0437\u0430\u043d\u043d\u043e\u0441\u0442\u0435\u0439 \u043d\u0430 \u043e\u043f\u0440\u0435\u0434\u0435\u043b\u0451\u043d\u043d\u043e\u0433\u043e \u0440\u0430\u0431\u043e\u0442\u043e\u0434\u0430\u0442\u0435\u043b\u044f \u0441\u0435\u0437\u043e\u043d\u043d\u043e, \u0432\u0440\u0435\u043c\u0435\u043d\u043d\u043e \u0438\u043b\u0438 \u0440\u0430\u0437\u043e\u0432\u043e. \u0410\u0433\u0435\u043d\u0442\u0441\u0442\u0432\u043e \u043f\u043e \u0442\u0440\u0443\u0434\u043e\u0443\u0441\u0442\u0440\u043e\u0439\u0441\u0442\u0432\u0443 \u043e\u0441\u0442\u0430\u0451\u0442\u0441\u044f \u0432\u0430\u0448\u0438\u043c \u043f\u0440\u044f\u043c\u044b\u043c \u0440\u0430\u0431\u043e\u0442\u043e\u0434\u0430\u0442\u0435\u043b\u0435\u043c.","breadcrumb":{"@id":"https:\/\/pl.gigroup.com\/ru\/dlya-sotrudnikov\/vremennyy-trudovoy-dogovor\/#breadcrumb"},"inLanguage":"uk-UA","potentialAction":[{"@type":"ReadAction","target":["https:\/\/pl.gigroup.com\/ru\/dlya-sotrudnikov\/vremennyy-trudovoy-dogovor\/"]}]},{"@type":"ImageObject","inLanguage":"uk-UA","@id":"https:\/\/pl.gigroup.com\/ru\/dlya-sotrudnikov\/vremennyy-trudovoy-dogovor\/#primaryimage","url":"https:\/\/pl.gigroup.com\/wp-content\/uploads\/sites\/15\/worker-training.webp","contentUrl":"https:\/\/pl.gigroup.com\/wp-content\/uploads\/sites\/15\/worker-training.webp","width":900,"height":600,"caption":"\u041e\u0431\u0443\u0447\u0435\u043d\u0438\u0435 \u0440\u0430\u0431\u043e\u0442\u043d\u0438\u043a\u043e\u0432"},{"@type":"BreadcrumbList","@id":"https:\/\/pl.gigroup.com\/ru\/dlya-sotrudnikov\/vremennyy-trudovoy-dogovor\/#breadcrumb","itemListElement":[{"@type":"ListItem","position":1,"name":"Home","item":"https:\/\/pl.gigroup.com\/ru\/"},{"@type":"ListItem","position":2,"name":"\u0414\u043b\u044f \u0441\u043e\u0442\u0440\u0443\u0434\u043d\u0438\u043a\u043e\u0432","item":"https:\/\/pl.gigroup.com\/ru\/dlya-sotrudnikov\/"},{"@type":"ListItem","position":3,"name":"Vremennyy trudovoy dogovor"}]},{"@type":"WebSite","@id":"https:\/\/pl.gigroup.com\/#website","url":"https:\/\/pl.gigroup.com\/","name":"Gi Group Poland","description":"Gi Group oferuje us\u0142ugi pracy tymczasowej, rekrutacji sta\u0142ych oraz outsourcingu dla r\u00f3\u017cnych sektor\u00f3w. Odwied\u017a nasz\u0105 stron\u0119 internetow\u0105 i dowiedz si\u0119 wi\u0119cej!","potentialAction":[{"@type":"SearchAction","target":{"@type":"EntryPoint","urlTemplate":"https:\/\/pl.gigroup.com\/?s={search_term_string}"},"query-input":{"@type":"PropertyValueSpecification","valueRequired":true,"valueName":"search_term_string"}}],"inLanguage":"uk-UA"}]}},"_links":{"self":[{"href":"https:\/\/pl.gigroup.com\/ru\/wp-json\/wp\/v2\/pages\/168928","targetHints":{"allow":["GET"]}}],"collection":[{"href":"https:\/\/pl.gigroup.com\/ru\/wp-json\/wp\/v2\/pages"}],"about":[{"href":"https:\/\/pl.gigroup.com\/ru\/wp-json\/wp\/v2\/types\/page"}],"author":[{"embeddable":true,"href":"https:\/\/pl.gigroup.com\/ru\/wp-json\/wp\/v2\/users\/1"}],"replies":[{"embeddable":true,"href":"https:\/\/pl.gigroup.com\/ru\/wp-json\/wp\/v2\/comments?post=168928"}],"version-history":[{"count":6,"href":"https:\/\/pl.gigroup.com\/ru\/wp-json\/wp\/v2\/pages\/168928\/revisions"}],"predecessor-version":[{"id":170933,"href":"https:\/\/pl.gigroup.com\/ru\/wp-json\/wp\/v2\/pages\/168928\/revisions\/170933"}],"up":[{"embeddable":true,"href":"https:\/\/pl.gigroup.com\/ru\/wp-json\/wp\/v2\/pages\/168881"}],"wp:featuredmedia":[{"embeddable":true,"href":"https:\/\/pl.gigroup.com\/ru\/wp-json\/wp\/v2\/media\/3884"}],"wp:attachment":[{"href":"https:\/\/pl.gigroup.com\/ru\/wp-json\/wp\/v2\/media?parent=168928"}],"curies":[{"name":"wp","href":"https:\/\/api.w.org\/{rel}","templated":true}]}}